{"id":2355,"date":"2023-05-24T17:59:20","date_gmt":"2023-05-24T17:59:20","guid":{"rendered":"https:\/\/jurojin.es\/?page_id=2355"},"modified":"2023-05-30T16:34:42","modified_gmt":"2023-05-30T16:34:42","slug":"patentes","status":"publish","type":"page","link":"https:\/\/jurojin.es\/en\/patentes\/","title":{"rendered":"patents"},"content":{"rendered":"<div data-elementor-type=\"wp-page\" data-elementor-id=\"2355\" class=\"elementor elementor-2355\">\n\t\t\t\t\t\t<section class=\"elementor-section elementor-top-section elementor-element elementor-element-303bf69c elementor-section-full_width elementor-section-height-full elementor-section-items-bottom elementor-section-stretched elementor-section-height-default wpr-particle-no wpr-jarallax-no wpr-parallax-no wpr-sticky-section-no wpr-equal-height-no\" data-id=\"303bf69c\" data-element_type=\"section\" data-e-type=\"section\" data-settings=\"{&quot;stretch_section&quot;:&quot;section-stretched&quot;,&quot;background_background&quot;:&quot;classic&quot;}\">\n\t\t\t\t\t\t\t<div class=\"elementor-background-overlay\"><\/div>\n\t\t\t\t\t\t\t<div class=\"elementor-container elementor-column-gap-no\">\n\t\t\t\t\t<div class=\"elementor-column elementor-col-100 elementor-top-column elementor-element elementor-element-2cdd7628\" data-id=\"2cdd7628\" data-element_type=\"column\" data-e-type=\"column\">\n\t\t\t<div class=\"elementor-widget-wrap elementor-element-populated\">\n\t\t\t\t\t\t<div class=\"elementor-element elementor-element-2ef2993d elementor-widget__width-initial elementor-widget elementor-widget-heading\" data-id=\"2ef2993d\" data-element_type=\"widget\" data-e-type=\"widget\" data-widget_type=\"heading.default\">\n\t\t\t\t<div class=\"elementor-widget-container\">\n\t\t\t\t\t<h2 class=\"elementor-heading-title elementor-size-default\">patents<\/h2>\t\t\t\t<\/div>\n\t\t\t\t<\/div>\n\t\t\t\t\t<\/div>\n\t\t<\/div>\n\t\t\t\t\t<\/div>\n\t\t<\/section>\n\t\t\t\t<section class=\"elementor-section elementor-top-section elementor-element elementor-element-7b55deda elementor-section-full_width elementor-section-height-min-height elementor-section-content-middle elementor-section-stretched elementor-section-height-default elementor-section-items-middle wpr-particle-no wpr-jarallax-no wpr-parallax-no wpr-sticky-section-no wpr-equal-height-no\" data-id=\"7b55deda\" data-element_type=\"section\" data-e-type=\"section\" data-settings=\"{&quot;stretch_section&quot;:&quot;section-stretched&quot;}\">\n\t\t\t\t\t\t<div class=\"elementor-container elementor-column-gap-default\">\n\t\t\t\t\t<div class=\"elementor-column elementor-col-100 elementor-top-column elementor-element elementor-element-610abd63\" data-id=\"610abd63\" data-element_type=\"column\" data-e-type=\"column\">\n\t\t\t<div class=\"elementor-widget-wrap elementor-element-populated\">\n\t\t\t\t\t\t<div class=\"elementor-element elementor-element-598fdfd6 elementor-widget__width-initial elementor-widget elementor-widget-text-editor\" data-id=\"598fdfd6\" data-element_type=\"widget\" data-e-type=\"widget\" data-widget_type=\"text-editor.default\">\n\t\t\t\t<div class=\"elementor-widget-container\">\n\t\t\t\t\t\t\t\t\t<p>Jurojin stands out in the patent industry, offering a diversified portfolio that includes recognized brands such as Vogue and Bultaco. With solid experience in the protection of intellectual property, the group has become a benchmark in the field of patents in Spain.<\/p>\t\t\t\t\t\t\t\t<\/div>\n\t\t\t\t<\/div>\n\t\t\t\t<section class=\"elementor-section elementor-inner-section elementor-element elementor-element-355fe0a elementor-section-boxed elementor-section-height-default elementor-section-height-default wpr-particle-no wpr-jarallax-no wpr-parallax-no wpr-sticky-section-no wpr-equal-height-no\" data-id=\"355fe0a\" data-element_type=\"section\" data-e-type=\"section\">\n\t\t\t\t\t\t<div class=\"elementor-container elementor-column-gap-default\">\n\t\t\t\t\t<div class=\"elementor-column elementor-col-100 elementor-inner-column elementor-element elementor-element-5c63a88\" data-id=\"5c63a88\" data-element_type=\"column\" data-e-type=\"column\">\n\t\t\t<div class=\"elementor-widget-wrap elementor-element-populated\">\n\t\t\t\t\t\t<div class=\"elementor-element elementor-element-c129a08 elementor-widget__width-initial elementor-widget elementor-widget-heading\" data-id=\"c129a08\" data-element_type=\"widget\" data-e-type=\"widget\" data-widget_type=\"heading.default\">\n\t\t\t\t<div class=\"elementor-widget-container\">\n\t\t\t\t\t<h2 class=\"elementor-heading-title elementor-size-default\">BRANDS<\/h2>\t\t\t\t<\/div>\n\t\t\t\t<\/div>\n\t\t\t\t\t<\/div>\n\t\t<\/div>\n\t\t\t\t\t<\/div>\n\t\t<\/section>\n\t\t\t\t\t<\/div>\n\t\t<\/div>\n\t\t\t\t\t<\/div>\n\t\t<\/section>\n\t\t\t\t<section class=\"elementor-section elementor-top-section elementor-element elementor-element-5fe6a4f elementor-section-boxed elementor-section-height-default elementor-section-height-default wpr-particle-no wpr-jarallax-no wpr-parallax-no wpr-sticky-section-no wpr-equal-height-no\" data-id=\"5fe6a4f\" data-element_type=\"section\" data-e-type=\"section\">\n\t\t\t\t\t\t<div class=\"elementor-container elementor-column-gap-default\">\n\t\t\t\t\t<div class=\"elementor-column elementor-col-100 elementor-top-column elementor-element elementor-element-b0133b2\" data-id=\"b0133b2\" data-element_type=\"column\" data-e-type=\"column\">\n\t\t\t<div class=\"elementor-widget-wrap elementor-element-populated\">\n\t\t\t\t\t\t<div class=\"elementor-element elementor-element-db80c83 elementor-widget elementor-widget-image\" data-id=\"db80c83\" data-element_type=\"widget\" data-e-type=\"widget\" data-widget_type=\"image.default\">\n\t\t\t\t<div class=\"elementor-widget-container\">\n\t\t\t\t\t\t\t\t\t\t\t\t\t\t\t<img fetchpriority=\"high\" decoding=\"async\" width=\"2560\" height=\"1706\" src=\"https:\/\/jurojin.es\/wp-content\/uploads\/2023\/05\/Miss_Vogue_Mas_que_nunca_S21-4-1-scaled-e1685317722391.webp\" class=\"attachment-full size-full wp-image-2659\" alt=\"\" srcset=\"https:\/\/jurojin.es\/wp-content\/uploads\/2023\/05\/Miss_Vogue_Mas_que_nunca_S21-4-1-scaled-e1685317722391.webp 2560w, https:\/\/jurojin.es\/wp-content\/uploads\/2023\/05\/Miss_Vogue_Mas_que_nunca_S21-4-1-scaled-e1685317722391-300x200.webp 300w, https:\/\/jurojin.es\/wp-content\/uploads\/2023\/05\/Miss_Vogue_Mas_que_nunca_S21-4-1-scaled-e1685317722391-1024x682.webp 1024w, https:\/\/jurojin.es\/wp-content\/uploads\/2023\/05\/Miss_Vogue_Mas_que_nunca_S21-4-1-scaled-e1685317722391-768x512.webp 768w, https:\/\/jurojin.es\/wp-content\/uploads\/2023\/05\/Miss_Vogue_Mas_que_nunca_S21-4-1-scaled-e1685317722391-1536x1024.webp 1536w, https:\/\/jurojin.es\/wp-content\/uploads\/2023\/05\/Miss_Vogue_Mas_que_nunca_S21-4-1-scaled-e1685317722391-2048x1365.webp 2048w\" sizes=\"(max-width: 2560px) 100vw, 2560px\" \/>\t\t\t\t\t\t\t\t\t\t\t\t\t\t\t<\/div>\n\t\t\t\t<\/div>\n\t\t\t\t<div class=\"elementor-element elementor-element-f8a1b92 elementor-widget__width-initial elementor-widget elementor-widget-image\" data-id=\"f8a1b92\" data-element_type=\"widget\" data-e-type=\"widget\" data-widget_type=\"image.default\">\n\t\t\t\t<div class=\"elementor-widget-container\">\n\t\t\t\t\t\t\t\t\t\t\t\t\t\t\t<img decoding=\"async\" width=\"586\" height=\"586\" src=\"https:\/\/jurojin.es\/wp-content\/uploads\/2023\/05\/Mesa_de_trabajo_1-1.png\" class=\"attachment-full size-full wp-image-2657\" alt=\"\" srcset=\"https:\/\/jurojin.es\/wp-content\/uploads\/2023\/05\/Mesa_de_trabajo_1-1.png 586w, https:\/\/jurojin.es\/wp-content\/uploads\/2023\/05\/Mesa_de_trabajo_1-1-300x300.png 300w, https:\/\/jurojin.es\/wp-content\/uploads\/2023\/05\/Mesa_de_trabajo_1-1-150x150.png 150w\" sizes=\"(max-width: 586px) 100vw, 586px\" \/>\t\t\t\t\t\t\t\t\t\t\t\t\t\t\t<\/div>\n\t\t\t\t<\/div>\n\t\t\t\t\t<\/div>\n\t\t<\/div>\n\t\t\t\t\t<\/div>\n\t\t<\/section>\n\t\t\t\t<section class=\"elementor-section elementor-top-section elementor-element elementor-element-b911660 elementor-section-boxed elementor-section-height-default elementor-section-height-default wpr-particle-no wpr-jarallax-no wpr-parallax-no wpr-sticky-section-no wpr-equal-height-no\" data-id=\"b911660\" data-element_type=\"section\" data-e-type=\"section\">\n\t\t\t\t\t\t<div class=\"elementor-container elementor-column-gap-default\">\n\t\t\t\t\t<div class=\"elementor-column elementor-col-100 elementor-top-column elementor-element elementor-element-3a67643\" data-id=\"3a67643\" data-element_type=\"column\" data-e-type=\"column\">\n\t\t\t<div class=\"elementor-widget-wrap elementor-element-populated\">\n\t\t\t\t\t\t<div class=\"elementor-element elementor-element-422adf0 elementor-widget__width-initial elementor-widget elementor-widget-text-editor\" data-id=\"422adf0\" data-element_type=\"widget\" data-e-type=\"widget\" data-widget_type=\"text-editor.default\">\n\t\t\t\t<div class=\"elementor-widget-container\">\n\t\t\t\t\t\t\t\t\t<p>Vogue, known for its iconic style and timeless elegance, is part of Grupo Jurojin's exclusive patent portfolio. This renowned brand has captured the attention of fashion lovers and has become synonymous with luxury and distinction. Jurojin Group is proud to protect and safeguard the Vogue brand, ensuring its authenticity and preserving its reputation in the market.<\/p>\t\t\t\t\t\t\t\t<\/div>\n\t\t\t\t<\/div>\n\t\t\t\t\t<\/div>\n\t\t<\/div>\n\t\t\t\t\t<\/div>\n\t\t<\/section>\n\t\t\t\t<section class=\"elementor-section elementor-top-section elementor-element elementor-element-b0130c0 elementor-section-full_width elementor-section-stretched elementor-section-height-default elementor-section-height-default wpr-particle-no wpr-jarallax-no wpr-parallax-no wpr-sticky-section-no wpr-equal-height-no\" data-id=\"b0130c0\" data-element_type=\"section\" data-e-type=\"section\" data-settings=\"{&quot;stretch_section&quot;:&quot;section-stretched&quot;}\">\n\t\t\t\t\t\t<div class=\"elementor-container elementor-column-gap-no\">\n\t\t\t\t\t<div class=\"elementor-column elementor-col-50 elementor-top-column elementor-element elementor-element-22994eb\" data-id=\"22994eb\" data-element_type=\"column\" data-e-type=\"column\">\n\t\t\t<div class=\"elementor-widget-wrap elementor-element-populated\">\n\t\t\t\t\t\t<div class=\"elementor-element elementor-element-c52ea2b elementor-widget elementor-widget-image\" data-id=\"c52ea2b\" data-element_type=\"widget\" data-e-type=\"widget\" data-widget_type=\"image.default\">\n\t\t\t\t<div class=\"elementor-widget-container\">\n\t\t\t\t\t\t\t\t\t\t\t\t\t\t\t<img decoding=\"async\" width=\"1707\" height=\"2560\" src=\"https:\/\/jurojin.es\/wp-content\/uploads\/2023\/05\/Copenhagen-SS20-vogueint-06Aug19-SorenJepsen_06-scaled.webp\" class=\"attachment-full size-full wp-image-2665\" alt=\"\" srcset=\"https:\/\/jurojin.es\/wp-content\/uploads\/2023\/05\/Copenhagen-SS20-vogueint-06Aug19-SorenJepsen_06-scaled.webp 1707w, https:\/\/jurojin.es\/wp-content\/uploads\/2023\/05\/Copenhagen-SS20-vogueint-06Aug19-SorenJepsen_06-200x300.webp 200w, https:\/\/jurojin.es\/wp-content\/uploads\/2023\/05\/Copenhagen-SS20-vogueint-06Aug19-SorenJepsen_06-683x1024.webp 683w, https:\/\/jurojin.es\/wp-content\/uploads\/2023\/05\/Copenhagen-SS20-vogueint-06Aug19-SorenJepsen_06-768x1152.webp 768w, https:\/\/jurojin.es\/wp-content\/uploads\/2023\/05\/Copenhagen-SS20-vogueint-06Aug19-SorenJepsen_06-1024x1536.webp 1024w, https:\/\/jurojin.es\/wp-content\/uploads\/2023\/05\/Copenhagen-SS20-vogueint-06Aug19-SorenJepsen_06-1365x2048.webp 1365w\" sizes=\"(max-width: 1707px) 100vw, 1707px\" \/>\t\t\t\t\t\t\t\t\t\t\t\t\t\t\t<\/div>\n\t\t\t\t<\/div>\n\t\t\t\t\t<\/div>\n\t\t<\/div>\n\t\t\t\t<div class=\"elementor-column elementor-col-50 elementor-top-column elementor-element elementor-element-f1d69e2\" data-id=\"f1d69e2\" data-element_type=\"column\" data-e-type=\"column\">\n\t\t\t<div class=\"elementor-widget-wrap elementor-element-populated\">\n\t\t\t\t\t\t<div class=\"elementor-element elementor-element-4d4b42f elementor-widget elementor-widget-image\" data-id=\"4d4b42f\" data-element_type=\"widget\" data-e-type=\"widget\" data-widget_type=\"image.default\">\n\t\t\t\t<div class=\"elementor-widget-container\">\n\t\t\t\t\t\t\t\t\t\t\t\t\t\t\t<img loading=\"lazy\" decoding=\"async\" width=\"1280\" height=\"1920\" src=\"https:\/\/jurojin.es\/wp-content\/uploads\/2023\/05\/00012Australia-streetstyle-vogueint-13may19-SandraSemburg.webp\" class=\"attachment-full size-full wp-image-2662\" alt=\"\" srcset=\"https:\/\/jurojin.es\/wp-content\/uploads\/2023\/05\/00012Australia-streetstyle-vogueint-13may19-SandraSemburg.webp 1280w, https:\/\/jurojin.es\/wp-content\/uploads\/2023\/05\/00012Australia-streetstyle-vogueint-13may19-SandraSemburg-200x300.webp 200w, https:\/\/jurojin.es\/wp-content\/uploads\/2023\/05\/00012Australia-streetstyle-vogueint-13may19-SandraSemburg-683x1024.webp 683w, https:\/\/jurojin.es\/wp-content\/uploads\/2023\/05\/00012Australia-streetstyle-vogueint-13may19-SandraSemburg-768x1152.webp 768w, https:\/\/jurojin.es\/wp-content\/uploads\/2023\/05\/00012Australia-streetstyle-vogueint-13may19-SandraSemburg-1024x1536.webp 1024w\" sizes=\"(max-width: 1280px) 100vw, 1280px\" \/>\t\t\t\t\t\t\t\t\t\t\t\t\t\t\t<\/div>\n\t\t\t\t<\/div>\n\t\t\t\t\t<\/div>\n\t\t<\/div>\n\t\t\t\t\t<\/div>\n\t\t<\/section>\n\t\t\t\t<section class=\"elementor-section elementor-top-section elementor-element elementor-element-b73b21d elementor-section-full_width elementor-section-stretched elementor-section-height-default elementor-section-height-default wpr-particle-no wpr-jarallax-no wpr-parallax-no wpr-sticky-section-no wpr-equal-height-no\" data-id=\"b73b21d\" data-element_type=\"section\" data-e-type=\"section\" data-settings=\"{&quot;stretch_section&quot;:&quot;section-stretched&quot;}\">\n\t\t\t\t\t\t<div class=\"elementor-container elementor-column-gap-no\">\n\t\t\t\t\t<div class=\"elementor-column elementor-col-100 elementor-top-column elementor-element elementor-element-40895a5\" data-id=\"40895a5\" data-element_type=\"column\" data-e-type=\"column\">\n\t\t\t<div class=\"elementor-widget-wrap elementor-element-populated\">\n\t\t\t\t\t\t<div class=\"elementor-element elementor-element-87ddba1 elementor-widget elementor-widget-image\" data-id=\"87ddba1\" data-element_type=\"widget\" data-e-type=\"widget\" data-widget_type=\"image.default\">\n\t\t\t\t<div class=\"elementor-widget-container\">\n\t\t\t\t\t\t\t\t\t\t\t\t\t\t\t<img loading=\"lazy\" decoding=\"async\" width=\"1800\" height=\"815\" src=\"https:\/\/jurojin.es\/wp-content\/uploads\/2023\/05\/moda_tendencias_voguees_989622189-1.webp\" class=\"attachment-full size-full wp-image-2661\" alt=\"\" srcset=\"https:\/\/jurojin.es\/wp-content\/uploads\/2023\/05\/moda_tendencias_voguees_989622189-1.webp 1800w, https:\/\/jurojin.es\/wp-content\/uploads\/2023\/05\/moda_tendencias_voguees_989622189-1-300x136.webp 300w, https:\/\/jurojin.es\/wp-content\/uploads\/2023\/05\/moda_tendencias_voguees_989622189-1-1024x464.webp 1024w, https:\/\/jurojin.es\/wp-content\/uploads\/2023\/05\/moda_tendencias_voguees_989622189-1-768x348.webp 768w, https:\/\/jurojin.es\/wp-content\/uploads\/2023\/05\/moda_tendencias_voguees_989622189-1-1536x695.webp 1536w\" sizes=\"(max-width: 1800px) 100vw, 1800px\" \/>\t\t\t\t\t\t\t\t\t\t\t\t\t\t\t<\/div>\n\t\t\t\t<\/div>\n\t\t\t\t\t<\/div>\n\t\t<\/div>\n\t\t\t\t\t<\/div>\n\t\t<\/section>\n\t\t\t\t<section class=\"elementor-section elementor-top-section elementor-element elementor-element-b5008ff elementor-section-full_width elementor-section-stretched elementor-section-height-default elementor-section-height-default wpr-particle-no wpr-jarallax-no wpr-parallax-no wpr-sticky-section-no wpr-equal-height-no\" data-id=\"b5008ff\" data-element_type=\"section\" data-e-type=\"section\" data-settings=\"{&quot;stretch_section&quot;:&quot;section-stretched&quot;}\">\n\t\t\t\t\t\t<div class=\"elementor-container elementor-column-gap-no\">\n\t\t\t\t\t<div class=\"elementor-column elementor-col-50 elementor-top-column elementor-element elementor-element-d99b174\" data-id=\"d99b174\" data-element_type=\"column\" data-e-type=\"column\">\n\t\t\t<div class=\"elementor-widget-wrap elementor-element-populated\">\n\t\t\t\t\t\t<div class=\"elementor-element elementor-element-8877c9c elementor-widget elementor-widget-image\" data-id=\"8877c9c\" data-element_type=\"widget\" data-e-type=\"widget\" data-widget_type=\"image.default\">\n\t\t\t\t<div class=\"elementor-widget-container\">\n\t\t\t\t\t\t\t\t\t\t\t\t\t\t\t<img loading=\"lazy\" decoding=\"async\" width=\"2000\" height=\"2000\" src=\"https:\/\/jurojin.es\/wp-content\/uploads\/2023\/05\/00004MILAN_DAY5_Vogueint_23feb20_credit_Jonathan-Daniel-Pryce-69.webp\" class=\"attachment-full size-full wp-image-2663\" alt=\"\" srcset=\"https:\/\/jurojin.es\/wp-content\/uploads\/2023\/05\/00004MILAN_DAY5_Vogueint_23feb20_credit_Jonathan-Daniel-Pryce-69.webp 2000w, https:\/\/jurojin.es\/wp-content\/uploads\/2023\/05\/00004MILAN_DAY5_Vogueint_23feb20_credit_Jonathan-Daniel-Pryce-69-300x300.webp 300w, https:\/\/jurojin.es\/wp-content\/uploads\/2023\/05\/00004MILAN_DAY5_Vogueint_23feb20_credit_Jonathan-Daniel-Pryce-69-1024x1024.webp 1024w, https:\/\/jurojin.es\/wp-content\/uploads\/2023\/05\/00004MILAN_DAY5_Vogueint_23feb20_credit_Jonathan-Daniel-Pryce-69-150x150.webp 150w, https:\/\/jurojin.es\/wp-content\/uploads\/2023\/05\/00004MILAN_DAY5_Vogueint_23feb20_credit_Jonathan-Daniel-Pryce-69-768x768.webp 768w, https:\/\/jurojin.es\/wp-content\/uploads\/2023\/05\/00004MILAN_DAY5_Vogueint_23feb20_credit_Jonathan-Daniel-Pryce-69-1536x1536.webp 1536w\" sizes=\"(max-width: 2000px) 100vw, 2000px\" \/>\t\t\t\t\t\t\t\t\t\t\t\t\t\t\t<\/div>\n\t\t\t\t<\/div>\n\t\t\t\t\t<\/div>\n\t\t<\/div>\n\t\t\t\t<div class=\"elementor-column elementor-col-50 elementor-top-column elementor-element elementor-element-f6f2bd4\" data-id=\"f6f2bd4\" data-element_type=\"column\" data-e-type=\"column\">\n\t\t\t<div class=\"elementor-widget-wrap elementor-element-populated\">\n\t\t\t\t\t\t<div class=\"elementor-element elementor-element-411dce7 elementor-widget__width-initial elementor-widget elementor-widget-image\" data-id=\"411dce7\" data-element_type=\"widget\" data-e-type=\"widget\" data-widget_type=\"image.default\">\n\t\t\t\t<div class=\"elementor-widget-container\">\n\t\t\t\t\t\t\t\t\t\t\t\t\t\t\t<img loading=\"lazy\" decoding=\"async\" width=\"1281\" height=\"1305\" src=\"https:\/\/jurojin.es\/wp-content\/uploads\/2023\/05\/00007-Prada-Bags-VogueInt-18Sep19-Getty-e1685464402411.webp\" class=\"attachment-full size-full wp-image-2664\" alt=\"\" srcset=\"https:\/\/jurojin.es\/wp-content\/uploads\/2023\/05\/00007-Prada-Bags-VogueInt-18Sep19-Getty-e1685464402411.webp 1281w, https:\/\/jurojin.es\/wp-content\/uploads\/2023\/05\/00007-Prada-Bags-VogueInt-18Sep19-Getty-e1685464402411-294x300.webp 294w, https:\/\/jurojin.es\/wp-content\/uploads\/2023\/05\/00007-Prada-Bags-VogueInt-18Sep19-Getty-e1685464402411-1005x1024.webp 1005w, https:\/\/jurojin.es\/wp-content\/uploads\/2023\/05\/00007-Prada-Bags-VogueInt-18Sep19-Getty-e1685464402411-768x782.webp 768w, https:\/\/jurojin.es\/wp-content\/uploads\/2023\/05\/00007-Prada-Bags-VogueInt-18Sep19-Getty-e1685464402411-12x12.webp 12w\" sizes=\"(max-width: 1281px) 100vw, 1281px\" \/>\t\t\t\t\t\t\t\t\t\t\t\t\t\t\t<\/div>\n\t\t\t\t<\/div>\n\t\t\t\t\t<\/div>\n\t\t<\/div>\n\t\t\t\t\t<\/div>\n\t\t<\/section>\n\t\t\t\t<section class=\"elementor-section elementor-top-section elementor-element elementor-element-549048a0 elementor-section-full_width elementor-section-height-min-height elementor-section-height-default elementor-section-items-middle wpr-particle-no wpr-jarallax-no wpr-parallax-no wpr-sticky-section-no wpr-equal-height-no\" data-id=\"549048a0\" data-element_type=\"section\" data-e-type=\"section\">\n\t\t\t\t\t\t<div class=\"elementor-container elementor-column-gap-default\">\n\t\t\t\t\t<div class=\"elementor-column elementor-col-100 elementor-top-column elementor-element elementor-element-6705e103\" data-id=\"6705e103\" data-element_type=\"column\" data-e-type=\"column\">\n\t\t\t<div class=\"elementor-widget-wrap elementor-element-populated\">\n\t\t\t\t\t\t<div class=\"elementor-element elementor-element-77ce05fe elementor-widget elementor-widget-heading\" data-id=\"77ce05fe\" data-element_type=\"widget\" data-e-type=\"widget\" data-widget_type=\"heading.default\">\n\t\t\t\t<div class=\"elementor-widget-container\">\n\t\t\t\t\t<h2 class=\"elementor-heading-title elementor-size-default\">More than 20 years of experience<\/h2>\t\t\t\t<\/div>\n\t\t\t\t<\/div>\n\t\t\t\t<div class=\"elementor-element elementor-element-7964eebc elementor-widget elementor-widget-image\" data-id=\"7964eebc\" data-element_type=\"widget\" data-e-type=\"widget\" data-widget_type=\"image.default\">\n\t\t\t\t<div class=\"elementor-widget-container\">\n\t\t\t\t\t\t\t\t\t\t\t\t\t\t\t<img loading=\"lazy\" decoding=\"async\" width=\"666\" height=\"30\" src=\"https:\/\/jurojin.es\/wp-content\/uploads\/2023\/05\/pngkey.com-separadores-png-3468798.png\" class=\"attachment-large size-large wp-image-1861\" alt=\"\" srcset=\"https:\/\/jurojin.es\/wp-content\/uploads\/2023\/05\/pngkey.com-separadores-png-3468798.png 666w, https:\/\/jurojin.es\/wp-content\/uploads\/2023\/05\/pngkey.com-separadores-png-3468798-300x14.png 300w, https:\/\/jurojin.es\/wp-content\/uploads\/2023\/05\/pngkey.com-separadores-png-3468798-18x1.png 18w\" sizes=\"(max-width: 666px) 100vw, 666px\" \/>\t\t\t\t\t\t\t\t\t\t\t\t\t\t\t<\/div>\n\t\t\t\t<\/div>\n\t\t\t\t\t<\/div>\n\t\t<\/div>\n\t\t\t\t\t<\/div>\n\t\t<\/section>\n\t\t\t\t<\/div>","protected":false},"excerpt":{"rendered":"<p>Patentes Grupo Jurojin se destaca en la industria de las patentes, ofreciendo un portafolio diversificado que incluye marcas reconocidas como Vogue y Bultaco. Con una s\u00f3lida experiencia en la protecci\u00f3n de la propiedad intelectual, el grupo se ha convertido en un referente en el \u00e1mbito de las patentes en Espa\u00f1a. MARCAS Vogue, conocida por su estilo ic\u00f3nico y su elegancia atemporal, es parte del exclusivo portafolio de patentes de Grupo Jurojin. Esta marca de renombre ha capturado la atenci\u00f3n de los amantes de la moda y se ha convertido en sin\u00f3nimo de lujo y distinci\u00f3n. Grupo Jurojin se enorgullece de proteger y salvaguardar la marca Vogue, asegurando su autenticidad y preservando su reputaci\u00f3n en el mercado. M\u00e1s de 20 A\u00f1os de experiencia<\/p>","protected":false},"author":7,"featured_media":0,"parent":0,"menu_order":0,"comment_status":"closed","ping_status":"closed","template":"","meta":{"site-sidebar-layout":"no-sidebar","site-content-layout":"page-builder","ast-site-content-layout":"default","site-content-style":"default","site-sidebar-style":"default","ast-global-header-display":"","ast-banner-title-visibility":"","ast-main-header-display":"","ast-hfb-above-header-display":"","ast-hfb-below-header-display":"","ast-hfb-mobile-header-display":"","site-post-title":"disabled","ast-breadcrumbs-content":"","ast-featured-img":"disabled","footer-sml-layout":"","theme-transparent-header-meta":"","adv-header-id-meta":"","stick-header-meta":"","header-above-stick-meta":"","header-main-stick-meta":"","header-below-stick-meta":"","astra-migrate-meta-layouts":"default","ast-page-background-enabled":"default","ast-page-background-meta":{"desktop":{"background-color":"","background-image":"","background-repeat":"repeat","background-position":"center center","background-size":"auto","background-attachment":"scroll","background-type":"","background-media":"","overlay-type":"","overlay-color":"","overlay-opacity":"","overlay-gradient":""},"tablet":{"background-color":"","background-image":"","background-repeat":"repeat","background-position":"center center","background-size":"auto","background-attachment":"scroll","background-type":"","background-media":"","overlay-type":"","overlay-color":"","overlay-opacity":"","overlay-gradient":""},"mobile":{"background-color":"","background-image":"","background-repeat":"repeat","background-position":"center center","background-size":"auto","background-attachment":"scroll","background-type":"","background-media":"","overlay-type":"","overlay-color":"","overlay-opacity":"","overlay-gradient":""}},"ast-content-background-meta":{"desktop":{"background-color":"var(--ast-global-color-5)","background-image":"","background-repeat":"repeat","background-position":"center center","background-size":"auto","background-attachment":"scroll","background-type":"","background-media":"","overlay-type":"","overlay-color":"","overlay-opacity":"","overlay-gradient":""},"tablet":{"background-color":"var(--ast-global-color-5)","background-image":"","background-repeat":"repeat","background-position":"center center","background-size":"auto","background-attachment":"scroll","background-type":"","background-media":"","overlay-type":"","overlay-color":"","overlay-opacity":"","overlay-gradient":""},"mobile":{"background-color":"var(--ast-global-color-5)","background-image":"","background-repeat":"repeat","background-position":"center center","background-size":"auto","background-attachment":"scroll","background-type":"","background-media":"","overlay-type":"","overlay-color":"","overlay-opacity":"","overlay-gradient":""}},"footnotes":""},"class_list":["post-2355","page","type-page","status-publish","hentry"],"_links":{"self":[{"href":"https:\/\/jurojin.es\/en\/wp-json\/wp\/v2\/pages\/2355","targetHints":{"allow":["GET"]}}],"collection":[{"href":"https:\/\/jurojin.es\/en\/wp-json\/wp\/v2\/pages"}],"about":[{"href":"https:\/\/jurojin.es\/en\/wp-json\/wp\/v2\/types\/page"}],"author":[{"embeddable":true,"href":"https:\/\/jurojin.es\/en\/wp-json\/wp\/v2\/users\/7"}],"replies":[{"embeddable":true,"href":"https:\/\/jurojin.es\/en\/wp-json\/wp\/v2\/comments?post=2355"}],"version-history":[{"count":22,"href":"https:\/\/jurojin.es\/en\/wp-json\/wp\/v2\/pages\/2355\/revisions"}],"predecessor-version":[{"id":3422,"href":"https:\/\/jurojin.es\/en\/wp-json\/wp\/v2\/pages\/2355\/revisions\/3422"}],"wp:attachment":[{"href":"https:\/\/jurojin.es\/en\/wp-json\/wp\/v2\/media?parent=2355"}],"curies":[{"name":"wp","href":"https:\/\/api.w.org\/{rel}","templated":true}]}}