{"id":13223,"date":"2024-04-15T19:11:10","date_gmt":"2024-04-15T19:11:10","guid":{"rendered":"https:\/\/jurojin.es\/?page_id=13223"},"modified":"2024-04-15T20:14:23","modified_gmt":"2024-04-15T20:14:23","slug":"bio-refineria","status":"publish","type":"page","link":"https:\/\/jurojin.es\/en\/bio-refineria\/","title":{"rendered":"Bio Refineria"},"content":{"rendered":"<div data-elementor-type=\"wp-page\" data-elementor-id=\"13223\" class=\"elementor elementor-13223\">\n\t\t\t\t\t\t<section class=\"elementor-section elementor-top-section elementor-element elementor-element-41c82976 elementor-section-full_width elementor-section-height-full elementor-section-items-bottom elementor-section-stretched elementor-section-height-default wpr-particle-no wpr-jarallax-no wpr-parallax-no wpr-sticky-section-no wpr-equal-height-no\" data-id=\"41c82976\" data-element_type=\"section\" data-e-type=\"section\" data-settings=\"{&quot;stretch_section&quot;:&quot;section-stretched&quot;,&quot;background_background&quot;:&quot;classic&quot;}\">\n\t\t\t\t\t\t\t<div class=\"elementor-background-overlay\"><\/div>\n\t\t\t\t\t\t\t<div class=\"elementor-container elementor-column-gap-no\">\n\t\t\t\t\t<div class=\"elementor-column elementor-col-100 elementor-top-column elementor-element elementor-element-823f7ec\" data-id=\"823f7ec\" data-element_type=\"column\" data-e-type=\"column\">\n\t\t\t<div class=\"elementor-widget-wrap elementor-element-populated\">\n\t\t\t\t\t\t<div class=\"elementor-element elementor-element-30ac2b1f elementor-widget elementor-widget-heading\" data-id=\"30ac2b1f\" data-element_type=\"widget\" data-e-type=\"widget\" data-widget_type=\"heading.default\">\n\t\t\t\t<div class=\"elementor-widget-container\">\n\t\t\t\t\t<h2 class=\"elementor-heading-title elementor-size-default\">Bio Refineria<\/h2>\t\t\t\t<\/div>\n\t\t\t\t<\/div>\n\t\t\t\t\t<\/div>\n\t\t<\/div>\n\t\t\t\t\t<\/div>\n\t\t<\/section>\n\t\t\t\t<section class=\"elementor-section elementor-top-section elementor-element elementor-element-1b42ba03 elementor-section-full_width elementor-section-height-min-height elementor-section-content-middle elementor-section-stretched elementor-section-height-default elementor-section-items-middle wpr-particle-no wpr-jarallax-no wpr-parallax-no wpr-sticky-section-no wpr-equal-height-no\" data-id=\"1b42ba03\" data-element_type=\"section\" data-e-type=\"section\" data-settings=\"{&quot;stretch_section&quot;:&quot;section-stretched&quot;,&quot;background_background&quot;:&quot;classic&quot;}\">\n\t\t\t\t\t\t<div class=\"elementor-container elementor-column-gap-no\">\n\t\t\t\t\t<div class=\"elementor-column elementor-col-100 elementor-top-column elementor-element elementor-element-845a4a5\" data-id=\"845a4a5\" data-element_type=\"column\" data-e-type=\"column\">\n\t\t\t<div class=\"elementor-widget-wrap elementor-element-populated\">\n\t\t\t\t\t\t<div class=\"elementor-element elementor-element-37028853 elementor-widget__width-initial elementor-widget elementor-widget-text-editor\" data-id=\"37028853\" data-element_type=\"widget\" data-e-type=\"widget\" data-widget_type=\"text-editor.default\">\n\t\t\t\t<div class=\"elementor-widget-container\">\n\t\t\t\t\t\t\t\t\t<p>Jurojin Group is a prominent leader in the field of online business, covering various areas that include sports betting, graphic design studio and e-commerce. With a vision focused on innovation and excellence, the group has established itself as a benchmark in the digital environment.<\/p><p>In the field of hydrocarbons, Grupo Jurojin has an extensive network of strategically located gas stations that provide convenient and reliable access to superior quality fuels. These gas stations are characterized by complying with rigorous quality and safety standards, guaranteeing a safe and satisfactory experience for customers.<br \/>In addition to its prominent presence in the fossil fuel market, Grupo Jurojin stands out for its commitment to sustainability and environmental protection. As part of its focus on environmental responsibility, the group has ventured into the generation of biodiesel, a clean and renewable energy source. Through innovative and efficient processes, Grupo Jurojin produces high-quality biodiesel, thus contributing to the reduction of greenhouse gas emissions and promoting a more sustainable future.<\/p>\t\t\t\t\t\t\t\t<\/div>\n\t\t\t\t<\/div>\n\t\t\t\t<div class=\"elementor-element elementor-element-188a3b8 elementor-widget__width-initial elementor-widget elementor-widget-premium-addon-banner\" data-id=\"188a3b8\" data-element_type=\"widget\" data-e-type=\"widget\" data-widget_type=\"premium-addon-banner.default\">\n\t\t\t\t<div class=\"elementor-widget-container\">\n\t\t\t\t\t\t\t<div class=\"premium-banner-ib premium-banner-min-height premium-banner-animation2 none premium-banner__effect-type1\">\n\t\t\t\t\t\t\t\t\t\t<img fetchpriority=\"high\" decoding=\"async\" width=\"1600\" height=\"900\" src=\"https:\/\/jurojin.es\/wp-content\/uploads\/2023\/05\/WhatsApp-Image-2023-05-10-at-12.22.40-PM-2.jpeg\" class=\"attachment-full size-full wp-image-2190\" alt=\"\" srcset=\"https:\/\/jurojin.es\/wp-content\/uploads\/2023\/05\/WhatsApp-Image-2023-05-10-at-12.22.40-PM-2.jpeg 1600w, https:\/\/jurojin.es\/wp-content\/uploads\/2023\/05\/WhatsApp-Image-2023-05-10-at-12.22.40-PM-2-300x169.jpeg 300w, https:\/\/jurojin.es\/wp-content\/uploads\/2023\/05\/WhatsApp-Image-2023-05-10-at-12.22.40-PM-2-1024x576.jpeg 1024w, https:\/\/jurojin.es\/wp-content\/uploads\/2023\/05\/WhatsApp-Image-2023-05-10-at-12.22.40-PM-2-768x432.jpeg 768w, https:\/\/jurojin.es\/wp-content\/uploads\/2023\/05\/WhatsApp-Image-2023-05-10-at-12.22.40-PM-2-1536x864.jpeg 1536w, https:\/\/jurojin.es\/wp-content\/uploads\/2023\/05\/WhatsApp-Image-2023-05-10-at-12.22.40-PM-2-18x10.jpeg 18w\" sizes=\"(max-width: 1600px) 100vw, 1600px\" \/>\t\t\t\t\t\t\t\t\t<div class=\"premium-banner-ib-desc\">\n\t\t\t\t\n\t\t\t\t\t\t\t\t\t<h3 class=\"premium-banner-ib-title premium_banner_title\">\n\t\t\t\t\t\tFabrica Biodiesel (Galicia)\t\t\t\t\t<\/h3>\n\t\t\t\t\n\t\t\t\t\n\t\t\t\t\n\t\t\t\t\t\t\t<\/div>\n\t\t\t\t\t\t\t<a href=\"https:\/\/jurojin.es\/en\/galicia-biowaste\/\" class=\"premium-banner-ib-link\"><\/a>\n\t\t\t\t\t<\/div>\n\n\t\t\t\t\t\t<\/div>\n\t\t\t\t<\/div>\n\t\t\t\t<div class=\"elementor-element elementor-element-24ca8358 elementor-widget__width-initial elementor-widget elementor-widget-premium-addon-banner\" data-id=\"24ca8358\" data-element_type=\"widget\" data-e-type=\"widget\" data-widget_type=\"premium-addon-banner.default\">\n\t\t\t\t<div class=\"elementor-widget-container\">\n\t\t\t\t\t\t\t<div class=\"premium-banner-ib premium-banner-min-height premium-banner-animation2 none premium-banner__effect-type1\">\n\t\t\t\t\t\t\t\t\t\t<img decoding=\"async\" width=\"1600\" height=\"900\" src=\"https:\/\/jurojin.es\/wp-content\/uploads\/2023\/05\/WhatsApp-Image-2023-05-10-at-12.22.39-PM-3.jpeg\" class=\"attachment-full size-full wp-image-2185\" alt=\"\" srcset=\"https:\/\/jurojin.es\/wp-content\/uploads\/2023\/05\/WhatsApp-Image-2023-05-10-at-12.22.39-PM-3.jpeg 1600w, https:\/\/jurojin.es\/wp-content\/uploads\/2023\/05\/WhatsApp-Image-2023-05-10-at-12.22.39-PM-3-300x169.jpeg 300w, https:\/\/jurojin.es\/wp-content\/uploads\/2023\/05\/WhatsApp-Image-2023-05-10-at-12.22.39-PM-3-1024x576.jpeg 1024w, https:\/\/jurojin.es\/wp-content\/uploads\/2023\/05\/WhatsApp-Image-2023-05-10-at-12.22.39-PM-3-768x432.jpeg 768w, https:\/\/jurojin.es\/wp-content\/uploads\/2023\/05\/WhatsApp-Image-2023-05-10-at-12.22.39-PM-3-1536x864.jpeg 1536w, https:\/\/jurojin.es\/wp-content\/uploads\/2023\/05\/WhatsApp-Image-2023-05-10-at-12.22.39-PM-3-18x10.jpeg 18w\" sizes=\"(max-width: 1600px) 100vw, 1600px\" \/>\t\t\t\t\t\t\t\t\t<div class=\"premium-banner-ib-desc\">\n\t\t\t\t\n\t\t\t\t\t\t\t\t\t<h3 class=\"premium-banner-ib-title premium_banner_title\">\n\t\t\t\t\t\tFabrica Biodiesel (Tarragona)\t\t\t\t\t<\/h3>\n\t\t\t\t\n\t\t\t\t\n\t\t\t\t\n\t\t\t\t\t\t\t<\/div>\n\t\t\t\t\t\t\t<a href=\"https:\/\/jurojin.es\/en\/galicia-biowaste\/\" class=\"premium-banner-ib-link\"><\/a>\n\t\t\t\t\t<\/div>\n\n\t\t\t\t\t\t<\/div>\n\t\t\t\t<\/div>\n\t\t\t\t<div class=\"elementor-element elementor-element-319ecdfe elementor-widget__width-initial elementor-widget elementor-widget-premium-addon-banner\" data-id=\"319ecdfe\" data-element_type=\"widget\" data-e-type=\"widget\" data-widget_type=\"premium-addon-banner.default\">\n\t\t\t\t<div class=\"elementor-widget-container\">\n\t\t\t\t\t\t\t<div class=\"premium-banner-ib premium-banner-min-height premium-banner-animation2 none premium-banner__effect-type1\">\n\t\t\t\t\t\t\t\t\t\t<img decoding=\"async\" width=\"1600\" height=\"900\" src=\"https:\/\/jurojin.es\/wp-content\/uploads\/2023\/05\/WhatsApp-Image-2023-05-10-at-12.22.39-PM.jpeg\" class=\"attachment-full size-full wp-image-2186\" alt=\"\" srcset=\"https:\/\/jurojin.es\/wp-content\/uploads\/2023\/05\/WhatsApp-Image-2023-05-10-at-12.22.39-PM.jpeg 1600w, https:\/\/jurojin.es\/wp-content\/uploads\/2023\/05\/WhatsApp-Image-2023-05-10-at-12.22.39-PM-300x169.jpeg 300w, https:\/\/jurojin.es\/wp-content\/uploads\/2023\/05\/WhatsApp-Image-2023-05-10-at-12.22.39-PM-1024x576.jpeg 1024w, https:\/\/jurojin.es\/wp-content\/uploads\/2023\/05\/WhatsApp-Image-2023-05-10-at-12.22.39-PM-768x432.jpeg 768w, https:\/\/jurojin.es\/wp-content\/uploads\/2023\/05\/WhatsApp-Image-2023-05-10-at-12.22.39-PM-1536x864.jpeg 1536w, https:\/\/jurojin.es\/wp-content\/uploads\/2023\/05\/WhatsApp-Image-2023-05-10-at-12.22.39-PM-18x10.jpeg 18w\" sizes=\"(max-width: 1600px) 100vw, 1600px\" \/>\t\t\t\t\t\t\t\t\t<div class=\"premium-banner-ib-desc\">\n\t\t\t\t\n\t\t\t\t\t\t\t\t\t<h3 class=\"premium-banner-ib-title premium_banner_title\">\n\t\t\t\t\t\tDeposito Fiscal (Ciudad Real)\t\t\t\t\t<\/h3>\n\t\t\t\t\n\t\t\t\t\n\t\t\t\t\n\t\t\t\t\t\t\t<\/div>\n\t\t\t\t\t\t\t<a href=\"https:\/\/jurojin.es\/en\/galicia-biowaste\/\" class=\"premium-banner-ib-link\"><\/a>\n\t\t\t\t\t<\/div>\n\n\t\t\t\t\t\t<\/div>\n\t\t\t\t<\/div>\n\t\t\t\t<div class=\"elementor-element elementor-element-90e44c3 elementor-widget__width-initial elementor-widget elementor-widget-premium-addon-banner\" data-id=\"90e44c3\" data-element_type=\"widget\" data-e-type=\"widget\" data-widget_type=\"premium-addon-banner.default\">\n\t\t\t\t<div class=\"elementor-widget-container\">\n\t\t\t\t\t\t\t<div class=\"premium-banner-ib premium-banner-min-height premium-banner-animation2 none premium-banner__effect-type1\">\n\t\t\t\t\t\t\t\t\t\t<img loading=\"lazy\" decoding=\"async\" width=\"990\" height=\"550\" src=\"https:\/\/jurojin.es\/wp-content\/uploads\/2024\/04\/biojet.jpg\" class=\"attachment-full size-full wp-image-13225\" alt=\"\" srcset=\"https:\/\/jurojin.es\/wp-content\/uploads\/2024\/04\/biojet.jpg 990w, https:\/\/jurojin.es\/wp-content\/uploads\/2024\/04\/biojet-300x167.jpg 300w, https:\/\/jurojin.es\/wp-content\/uploads\/2024\/04\/biojet-768x427.jpg 768w, https:\/\/jurojin.es\/wp-content\/uploads\/2024\/04\/biojet-18x10.jpg 18w\" sizes=\"(max-width: 990px) 100vw, 990px\" \/>\t\t\t\t\t\t\t\t\t<div class=\"premium-banner-ib-desc\">\n\t\t\t\t\n\t\t\t\t\t\t\t\t\t<h3 class=\"premium-banner-ib-title premium_banner_title\">\n\t\t\t\t\t\tFabrica Biojet Fuel (Galicia) \t\t\t\t\t<\/h3>\n\t\t\t\t\n\t\t\t\t\n\t\t\t\t\n\t\t\t\t\t\t\t<\/div>\n\t\t\t\t\t\t\t<a href=\"https:\/\/jurojin.es\/en\/galicia-biowaste\/\" class=\"premium-banner-ib-link\"><\/a>\n\t\t\t\t\t<\/div>\n\n\t\t\t\t\t\t<\/div>\n\t\t\t\t<\/div>\n\t\t\t\t<div class=\"elementor-element elementor-element-9c4088b elementor-widget__width-initial elementor-widget elementor-widget-premium-addon-banner\" data-id=\"9c4088b\" data-element_type=\"widget\" data-e-type=\"widget\" data-widget_type=\"premium-addon-banner.default\">\n\t\t\t\t<div class=\"elementor-widget-container\">\n\t\t\t\t\t\t\t<div class=\"premium-banner-ib premium-banner-min-height premium-banner-animation2 none premium-banner__effect-type1\">\n\t\t\t\t\t\t\t\t\t\t<img loading=\"lazy\" decoding=\"async\" width=\"1200\" height=\"799\" src=\"https:\/\/jurojin.es\/wp-content\/uploads\/2024\/04\/hidrogeno.jpg\" class=\"attachment-full size-full wp-image-13226\" alt=\"\" srcset=\"https:\/\/jurojin.es\/wp-content\/uploads\/2024\/04\/hidrogeno.jpg 1200w, https:\/\/jurojin.es\/wp-content\/uploads\/2024\/04\/hidrogeno-300x200.jpg 300w, https:\/\/jurojin.es\/wp-content\/uploads\/2024\/04\/hidrogeno-1024x682.jpg 1024w, https:\/\/jurojin.es\/wp-content\/uploads\/2024\/04\/hidrogeno-768x511.jpg 768w, https:\/\/jurojin.es\/wp-content\/uploads\/2024\/04\/hidrogeno-18x12.jpg 18w\" sizes=\"(max-width: 1200px) 100vw, 1200px\" \/>\t\t\t\t\t\t\t\t\t<div class=\"premium-banner-ib-desc\">\n\t\t\t\t\n\t\t\t\t\t\t\t\t\t<h3 class=\"premium-banner-ib-title premium_banner_title\">\n\t\t\t\t\t\tFabrica Hidrogeno (Galicia) \t\t\t\t\t<\/h3>\n\t\t\t\t\n\t\t\t\t\n\t\t\t\t\n\t\t\t\t\t\t\t<\/div>\n\t\t\t\t\t\t\t<a href=\"https:\/\/jurojin.es\/en\/galicia-biowaste\/\" class=\"premium-banner-ib-link\"><\/a>\n\t\t\t\t\t<\/div>\n\n\t\t\t\t\t\t<\/div>\n\t\t\t\t<\/div>\n\t\t\t\t<div class=\"elementor-element elementor-element-eab2bfa elementor-widget__width-initial elementor-widget elementor-widget-premium-addon-banner\" data-id=\"eab2bfa\" data-element_type=\"widget\" data-e-type=\"widget\" data-widget_type=\"premium-addon-banner.default\">\n\t\t\t\t<div class=\"elementor-widget-container\">\n\t\t\t\t\t\t\t<div class=\"premium-banner-ib premium-banner-min-height premium-banner-animation2 none premium-banner__effect-type1\">\n\t\t\t\t\t\t\t\t\t\t<img loading=\"lazy\" decoding=\"async\" width=\"567\" height=\"247\" src=\"https:\/\/jurojin.es\/wp-content\/uploads\/2023\/05\/buscador-gasolineras.png\" class=\"attachment-full size-full wp-image-2422\" alt=\"\" srcset=\"https:\/\/jurojin.es\/wp-content\/uploads\/2023\/05\/buscador-gasolineras.png 567w, https:\/\/jurojin.es\/wp-content\/uploads\/2023\/05\/buscador-gasolineras-300x131.png 300w, https:\/\/jurojin.es\/wp-content\/uploads\/2023\/05\/buscador-gasolineras-18x8.png 18w\" sizes=\"(max-width: 567px) 100vw, 567px\" \/>\t\t\t\t\t\t\t\t\t<div class=\"premium-banner-ib-desc\">\n\t\t\t\t\n\t\t\t\t\t\t\t\t\t<h3 class=\"premium-banner-ib-title premium_banner_title\">\n\t\t\t\t\t\tGasolinera Jurojin\t\t\t\t\t<\/h3>\n\t\t\t\t\n\t\t\t\t\n\t\t\t\t\n\t\t\t\t\t\t\t<\/div>\n\t\t\t\t\t\t\t<a href=\"https:\/\/jurojin.es\/en\/gasolineras\/\" class=\"premium-banner-ib-link\"><\/a>\n\t\t\t\t\t<\/div>\n\n\t\t\t\t\t\t<\/div>\n\t\t\t\t<\/div>\n\t\t\t\t\t<\/div>\n\t\t<\/div>\n\t\t\t\t\t<\/div>\n\t\t<\/section>\n\t\t\t\t<section class=\"elementor-section elementor-top-section elementor-element elementor-element-23bcf3f3 elementor-section-full_width elementor-section-height-min-height elementor-section-height-default elementor-section-items-middle wpr-particle-no wpr-jarallax-no wpr-parallax-no wpr-sticky-section-no wpr-equal-height-no\" data-id=\"23bcf3f3\" data-element_type=\"section\" data-e-type=\"section\" data-settings=\"{&quot;background_background&quot;:&quot;classic&quot;}\">\n\t\t\t\t\t\t<div class=\"elementor-container elementor-column-gap-default\">\n\t\t\t\t\t<div class=\"elementor-column elementor-col-100 elementor-top-column elementor-element elementor-element-215911e\" data-id=\"215911e\" data-element_type=\"column\" data-e-type=\"column\">\n\t\t\t<div class=\"elementor-widget-wrap elementor-element-populated\">\n\t\t\t\t\t\t<div class=\"elementor-element elementor-element-2a8a410a elementor-widget elementor-widget-heading\" data-id=\"2a8a410a\" data-element_type=\"widget\" data-e-type=\"widget\" data-widget_type=\"heading.default\">\n\t\t\t\t<div class=\"elementor-widget-container\">\n\t\t\t\t\t<h2 class=\"elementor-heading-title elementor-size-default\">More than 20 years of experience<\/h2>\t\t\t\t<\/div>\n\t\t\t\t<\/div>\n\t\t\t\t<div class=\"elementor-element elementor-element-6c71c82d elementor-widget elementor-widget-image\" data-id=\"6c71c82d\" data-element_type=\"widget\" data-e-type=\"widget\" data-widget_type=\"image.default\">\n\t\t\t\t<div class=\"elementor-widget-container\">\n\t\t\t\t\t\t\t\t\t\t\t\t\t\t\t<img loading=\"lazy\" decoding=\"async\" width=\"666\" height=\"30\" src=\"https:\/\/jurojin.es\/wp-content\/uploads\/2023\/05\/pngkey.com-separadores-png-3468798.png\" class=\"attachment-large size-large wp-image-1861\" alt=\"\" srcset=\"https:\/\/jurojin.es\/wp-content\/uploads\/2023\/05\/pngkey.com-separadores-png-3468798.png 666w, https:\/\/jurojin.es\/wp-content\/uploads\/2023\/05\/pngkey.com-separadores-png-3468798-300x14.png 300w, https:\/\/jurojin.es\/wp-content\/uploads\/2023\/05\/pngkey.com-separadores-png-3468798-18x1.png 18w\" sizes=\"(max-width: 666px) 100vw, 666px\" \/>\t\t\t\t\t\t\t\t\t\t\t\t\t\t\t<\/div>\n\t\t\t\t<\/div>\n\t\t\t\t\t<\/div>\n\t\t<\/div>\n\t\t\t\t\t<\/div>\n\t\t<\/section>\n\t\t\t\t<\/div>","protected":false},"excerpt":{"rendered":"<p>Bio Refineria Grupo Jurojin es un l\u00edder destacado en el \u00e1mbito de los negocios online, abarcando diversas \u00e1reas que incluyen las apuestas deportivas, el estudio de dise\u00f1o gr\u00e1fico y el comercio electr\u00f3nico. Con una visi\u00f3n centrada en la innovaci\u00f3n y la excelencia, el grupo se ha consolidado como un referente en el entorno digital. En el \u00e1mbito de los hidrocarburos, Grupo Jurojin cuenta con una extensa red de gasolineras estrat\u00e9gicamente ubicadas, que brindan acceso conveniente y confiable a combustibles de calidad superior. Estas gasolineras se caracterizan por cumplir con rigurosos est\u00e1ndares de calidad y seguridad, garantizando una experiencia segura y satisfactoria para los clientes.Adem\u00e1s de su destacada presencia en el mercado de los combustibles f\u00f3siles, Grupo Jurojin se destaca por su compromiso con la sostenibilidad y la protecci\u00f3n del medio ambiente. Como parte de su enfoque en la responsabilidad ambiental, el grupo ha incursionado en la generaci\u00f3n de biodiesel, una fuente de energ\u00eda renovable y limpia. Mediante procesos innovadores y eficientes, Grupo Jurojin produce biodiesel de alta calidad, contribuyendo as\u00ed a la reducci\u00f3n de las emisiones de gases de efecto invernadero y fomentando un futuro m\u00e1s sostenible. Fabrica Biodiesel (Galicia) Fabrica Biodiesel (Tarragona) Deposito Fiscal (Ciudad Real) Fabrica Biojet Fuel (Galicia) Fabrica Hidrogeno (Galicia) Gasolinera Jurojin M\u00e1s de 20 A\u00f1os de experiencia<\/p>","protected":false},"author":8,"featured_media":0,"parent":0,"menu_order":0,"comment_status":"closed","ping_status":"closed","template":"","meta":{"site-sidebar-layout":"no-sidebar","site-content-layout":"page-builder","ast-site-content-layout":"default","site-content-style":"default","site-sidebar-style":"default","ast-global-header-display":"","ast-banner-title-visibility":"","ast-main-header-display":"","ast-hfb-above-header-display":"","ast-hfb-below-header-display":"","ast-hfb-mobile-header-display":"","site-post-title":"disabled","ast-breadcrumbs-content":"","ast-featured-img":"disabled","footer-sml-layout":"","theme-transparent-header-meta":"","adv-header-id-meta":"","stick-header-meta":"","header-above-stick-meta":"","header-main-stick-meta":"","header-below-stick-meta":"","astra-migrate-meta-layouts":"default","ast-page-background-enabled":"default","ast-page-background-meta":{"desktop":{"background-color":"","background-image":"","background-repeat":"repeat","background-position":"center center","background-size":"auto","background-attachment":"scroll","background-type":"","background-media":"","overlay-type":"","overlay-color":"","overlay-opacity":"","overlay-gradient":""},"tablet":{"background-color":"","background-image":"","background-repeat":"repeat","background-position":"center center","background-size":"auto","background-attachment":"scroll","background-type":"","background-media":"","overlay-type":"","overlay-color":"","overlay-opacity":"","overlay-gradient":""},"mobile":{"background-color":"","background-image":"","background-repeat":"repeat","background-position":"center center","background-size":"auto","background-attachment":"scroll","background-type":"","background-media":"","overlay-type":"","overlay-color":"","overlay-opacity":"","overlay-gradient":""}},"ast-content-background-meta":{"desktop":{"background-color":"var(--ast-global-color-5)","background-image":"","background-repeat":"repeat","background-position":"center center","background-size":"auto","background-attachment":"scroll","background-type":"","background-media":"","overlay-type":"","overlay-color":"","overlay-opacity":"","overlay-gradient":""},"tablet":{"background-color":"var(--ast-global-color-5)","background-image":"","background-repeat":"repeat","background-position":"center center","background-size":"auto","background-attachment":"scroll","background-type":"","background-media":"","overlay-type":"","overlay-color":"","overlay-opacity":"","overlay-gradient":""},"mobile":{"background-color":"var(--ast-global-color-5)","background-image":"","background-repeat":"repeat","background-position":"center center","background-size":"auto","background-attachment":"scroll","background-type":"","background-media":"","overlay-type":"","overlay-color":"","overlay-opacity":"","overlay-gradient":""}},"footnotes":""},"class_list":["post-13223","page","type-page","status-publish","hentry"],"_links":{"self":[{"href":"https:\/\/jurojin.es\/en\/wp-json\/wp\/v2\/pages\/13223","targetHints":{"allow":["GET"]}}],"collection":[{"href":"https:\/\/jurojin.es\/en\/wp-json\/wp\/v2\/pages"}],"about":[{"href":"https:\/\/jurojin.es\/en\/wp-json\/wp\/v2\/types\/page"}],"author":[{"embeddable":true,"href":"https:\/\/jurojin.es\/en\/wp-json\/wp\/v2\/users\/8"}],"replies":[{"embeddable":true,"href":"https:\/\/jurojin.es\/en\/wp-json\/wp\/v2\/comments?post=13223"}],"version-history":[{"count":10,"href":"https:\/\/jurojin.es\/en\/wp-json\/wp\/v2\/pages\/13223\/revisions"}],"predecessor-version":[{"id":13282,"href":"https:\/\/jurojin.es\/en\/wp-json\/wp\/v2\/pages\/13223\/revisions\/13282"}],"wp:attachment":[{"href":"https:\/\/jurojin.es\/en\/wp-json\/wp\/v2\/media?parent=13223"}],"curies":[{"name":"wp","href":"https:\/\/api.w.org\/{rel}","templated":true}]}}