{"id":13193,"date":"2024-04-15T14:30:13","date_gmt":"2024-04-15T14:30:13","guid":{"rendered":"https:\/\/jurojin.es\/?page_id=13193"},"modified":"2024-04-25T15:08:20","modified_gmt":"2024-04-25T15:08:20","slug":"textil","status":"publish","type":"page","link":"https:\/\/jurojin.es\/en\/textil\/","title":{"rendered":"Textile"},"content":{"rendered":"<div data-elementor-type=\"wp-page\" data-elementor-id=\"13193\" class=\"elementor elementor-13193\">\n\t\t\t\t\t\t<section class=\"elementor-section elementor-top-section elementor-element elementor-element-41c82976 elementor-section-full_width elementor-section-height-full elementor-section-items-bottom elementor-section-stretched elementor-section-height-default wpr-particle-no wpr-jarallax-no wpr-parallax-no wpr-sticky-section-no wpr-equal-height-no\" data-id=\"41c82976\" data-element_type=\"section\" data-e-type=\"section\" data-settings=\"{&quot;stretch_section&quot;:&quot;section-stretched&quot;,&quot;background_background&quot;:&quot;classic&quot;}\">\n\t\t\t\t\t\t\t<div class=\"elementor-background-overlay\"><\/div>\n\t\t\t\t\t\t\t<div class=\"elementor-container elementor-column-gap-no\">\n\t\t\t\t\t<div class=\"elementor-column elementor-col-100 elementor-top-column elementor-element elementor-element-823f7ec\" data-id=\"823f7ec\" data-element_type=\"column\" data-e-type=\"column\">\n\t\t\t<div class=\"elementor-widget-wrap elementor-element-populated\">\n\t\t\t\t\t\t<div class=\"elementor-element elementor-element-30ac2b1f elementor-widget elementor-widget-heading\" data-id=\"30ac2b1f\" data-element_type=\"widget\" data-e-type=\"widget\" data-widget_type=\"heading.default\">\n\t\t\t\t<div class=\"elementor-widget-container\">\n\t\t\t\t\t<h2 class=\"elementor-heading-title elementor-size-default\">Textile<\/h2>\t\t\t\t<\/div>\n\t\t\t\t<\/div>\n\t\t\t\t\t<\/div>\n\t\t<\/div>\n\t\t\t\t\t<\/div>\n\t\t<\/section>\n\t\t\t\t<section class=\"elementor-section elementor-top-section elementor-element elementor-element-1b42ba03 elementor-section-full_width elementor-section-height-min-height elementor-section-content-middle elementor-section-stretched elementor-section-height-default elementor-section-items-middle wpr-particle-no wpr-jarallax-no wpr-parallax-no wpr-sticky-section-no wpr-equal-height-no\" data-id=\"1b42ba03\" data-element_type=\"section\" data-e-type=\"section\" data-settings=\"{&quot;stretch_section&quot;:&quot;section-stretched&quot;,&quot;background_background&quot;:&quot;classic&quot;}\">\n\t\t\t\t\t\t<div class=\"elementor-container elementor-column-gap-no\">\n\t\t\t\t\t<div class=\"elementor-column elementor-col-100 elementor-top-column elementor-element elementor-element-845a4a5\" data-id=\"845a4a5\" data-element_type=\"column\" data-e-type=\"column\">\n\t\t\t<div class=\"elementor-widget-wrap elementor-element-populated\">\n\t\t\t\t\t\t<div class=\"elementor-element elementor-element-37028853 elementor-widget__width-initial elementor-widget elementor-widget-text-editor\" data-id=\"37028853\" data-element_type=\"widget\" data-e-type=\"widget\" data-widget_type=\"text-editor.default\">\n\t\t\t\t<div class=\"elementor-widget-container\">\n\t\t\t\t\t\t\t\t\t<p>Jurojin Group is a prominent leader in the textile industry, with a solid presence in the market as a manufacturer of its own clothing brand. With a passion for fashion and quality, the group has positioned itself as a leader in creating innovative and stylish clothing.<br \/>With a vertically integrated production chain, Grupo Jurojin controls each stage of the manufacturing process of its garments. From initial design to production and distribution, the group is committed to offering high quality products that meet the demands of the most demanding customers.<\/p>\t\t\t\t\t\t\t\t<\/div>\n\t\t\t\t<\/div>\n\t\t\t\t<div class=\"elementor-element elementor-element-188a3b8 elementor-widget__width-initial elementor-widget elementor-widget-premium-addon-banner\" data-id=\"188a3b8\" data-element_type=\"widget\" data-e-type=\"widget\" data-widget_type=\"premium-addon-banner.default\">\n\t\t\t\t<div class=\"elementor-widget-container\">\n\t\t\t\t\t\t\t<div class=\"premium-banner-ib premium-banner-min-height premium-banner-animation2 none premium-banner__effect-type1\">\n\t\t\t\t\t\t\t\t\t\t<img fetchpriority=\"high\" decoding=\"async\" width=\"1903\" height=\"927\" src=\"https:\/\/jurojin.es\/wp-content\/uploads\/2024\/04\/Screenshot-2024-04-15-at-16-32-32-Tienda-de-Moda-Mujer-\u2013-Comprar-Ropa-Mujer-TENTAZIONI.png\" class=\"attachment-full size-full wp-image-13196\" alt=\"\" srcset=\"https:\/\/jurojin.es\/wp-content\/uploads\/2024\/04\/Screenshot-2024-04-15-at-16-32-32-Tienda-de-Moda-Mujer-\u2013-Comprar-Ropa-Mujer-TENTAZIONI.png 1903w, https:\/\/jurojin.es\/wp-content\/uploads\/2024\/04\/Screenshot-2024-04-15-at-16-32-32-Tienda-de-Moda-Mujer-\u2013-Comprar-Ropa-Mujer-TENTAZIONI-300x146.png 300w, https:\/\/jurojin.es\/wp-content\/uploads\/2024\/04\/Screenshot-2024-04-15-at-16-32-32-Tienda-de-Moda-Mujer-\u2013-Comprar-Ropa-Mujer-TENTAZIONI-1024x499.png 1024w, https:\/\/jurojin.es\/wp-content\/uploads\/2024\/04\/Screenshot-2024-04-15-at-16-32-32-Tienda-de-Moda-Mujer-\u2013-Comprar-Ropa-Mujer-TENTAZIONI-768x374.png 768w, https:\/\/jurojin.es\/wp-content\/uploads\/2024\/04\/Screenshot-2024-04-15-at-16-32-32-Tienda-de-Moda-Mujer-\u2013-Comprar-Ropa-Mujer-TENTAZIONI-1536x748.png 1536w, https:\/\/jurojin.es\/wp-content\/uploads\/2024\/04\/Screenshot-2024-04-15-at-16-32-32-Tienda-de-Moda-Mujer-\u2013-Comprar-Ropa-Mujer-TENTAZIONI-18x9.png 18w\" sizes=\"(max-width: 1903px) 100vw, 1903px\" \/>\t\t\t\t\t\t\t\t\t<div class=\"premium-banner-ib-desc\">\n\t\t\t\t\n\t\t\t\t\t\t\t\t\t<h3 class=\"premium-banner-ib-title premium_banner_title\">\n\t\t\t\t\t\tTentazioni\t\t\t\t\t<\/h3>\n\t\t\t\t\n\t\t\t\t\n\t\t\t\t\n\t\t\t\t\t\t\t<\/div>\n\t\t\t\t\t\t\t<a href=\"https:\/\/tentazioni.es\/\" class=\"premium-banner-ib-link\"><\/a>\n\t\t\t\t\t<\/div>\n\n\t\t\t\t\t\t<\/div>\n\t\t\t\t<\/div>\n\t\t\t\t<div class=\"elementor-element elementor-element-24ca8358 elementor-widget__width-initial elementor-widget elementor-widget-premium-addon-banner\" data-id=\"24ca8358\" data-element_type=\"widget\" data-e-type=\"widget\" data-widget_type=\"premium-addon-banner.default\">\n\t\t\t\t<div class=\"elementor-widget-container\">\n\t\t\t\t\t\t\t<div class=\"premium-banner-ib premium-banner-min-height premium-banner-animation2 none premium-banner__effect-type1\">\n\t\t\t\t\t\t\t\t\t\t<img decoding=\"async\" width=\"1903\" height=\"927\" src=\"https:\/\/jurojin.es\/wp-content\/uploads\/2024\/04\/Screenshot-2024-04-15-at-16-34-17-Double-Agent-la-autentica-moda-californiana.png\" class=\"attachment-full size-full wp-image-13200\" alt=\"\" srcset=\"https:\/\/jurojin.es\/wp-content\/uploads\/2024\/04\/Screenshot-2024-04-15-at-16-34-17-Double-Agent-la-autentica-moda-californiana.png 1903w, https:\/\/jurojin.es\/wp-content\/uploads\/2024\/04\/Screenshot-2024-04-15-at-16-34-17-Double-Agent-la-autentica-moda-californiana-300x146.png 300w, https:\/\/jurojin.es\/wp-content\/uploads\/2024\/04\/Screenshot-2024-04-15-at-16-34-17-Double-Agent-la-autentica-moda-californiana-1024x499.png 1024w, https:\/\/jurojin.es\/wp-content\/uploads\/2024\/04\/Screenshot-2024-04-15-at-16-34-17-Double-Agent-la-autentica-moda-californiana-768x374.png 768w, https:\/\/jurojin.es\/wp-content\/uploads\/2024\/04\/Screenshot-2024-04-15-at-16-34-17-Double-Agent-la-autentica-moda-californiana-1536x748.png 1536w, https:\/\/jurojin.es\/wp-content\/uploads\/2024\/04\/Screenshot-2024-04-15-at-16-34-17-Double-Agent-la-autentica-moda-californiana-18x9.png 18w\" sizes=\"(max-width: 1903px) 100vw, 1903px\" \/>\t\t\t\t\t\t\t\t\t<div class=\"premium-banner-ib-desc\">\n\t\t\t\t\n\t\t\t\t\t\t\t\t\t<h3 class=\"premium-banner-ib-title premium_banner_title\">\n\t\t\t\t\t\tDouble Agent\t\t\t\t\t<\/h3>\n\t\t\t\t\n\t\t\t\t\n\t\t\t\t\n\t\t\t\t\t\t\t<\/div>\n\t\t\t\t\t\t\t<a href=\"https:\/\/www.doubleagentstore.com\/\" class=\"premium-banner-ib-link\"><\/a>\n\t\t\t\t\t<\/div>\n\n\t\t\t\t\t\t<\/div>\n\t\t\t\t<\/div>\n\t\t\t\t<div class=\"elementor-element elementor-element-319ecdfe elementor-widget__width-initial elementor-widget elementor-widget-premium-addon-banner\" data-id=\"319ecdfe\" data-element_type=\"widget\" data-e-type=\"widget\" data-widget_type=\"premium-addon-banner.default\">\n\t\t\t\t<div class=\"elementor-widget-container\">\n\t\t\t\t\t\t\t<div class=\"premium-banner-ib premium-banner-min-height premium-banner-animation2 none premium-banner__effect-type1\">\n\t\t\t\t\t\t\t\t\t\t<img decoding=\"async\" width=\"1903\" height=\"927\" src=\"https:\/\/jurojin.es\/wp-content\/uploads\/2024\/04\/Screenshot-2024-04-15-at-16-35-25-Fridays-Project.png\" class=\"attachment-full size-full wp-image-13204\" alt=\"\" srcset=\"https:\/\/jurojin.es\/wp-content\/uploads\/2024\/04\/Screenshot-2024-04-15-at-16-35-25-Fridays-Project.png 1903w, https:\/\/jurojin.es\/wp-content\/uploads\/2024\/04\/Screenshot-2024-04-15-at-16-35-25-Fridays-Project-300x146.png 300w, https:\/\/jurojin.es\/wp-content\/uploads\/2024\/04\/Screenshot-2024-04-15-at-16-35-25-Fridays-Project-1024x499.png 1024w, https:\/\/jurojin.es\/wp-content\/uploads\/2024\/04\/Screenshot-2024-04-15-at-16-35-25-Fridays-Project-768x374.png 768w, https:\/\/jurojin.es\/wp-content\/uploads\/2024\/04\/Screenshot-2024-04-15-at-16-35-25-Fridays-Project-1536x748.png 1536w, https:\/\/jurojin.es\/wp-content\/uploads\/2024\/04\/Screenshot-2024-04-15-at-16-35-25-Fridays-Project-18x9.png 18w\" sizes=\"(max-width: 1903px) 100vw, 1903px\" \/>\t\t\t\t\t\t\t\t\t<div class=\"premium-banner-ib-desc\">\n\t\t\t\t\n\t\t\t\t\t\t\t\t\t<h3 class=\"premium-banner-ib-title premium_banner_title\">\n\t\t\t\t\t\tFriday's Project\t\t\t\t\t<\/h3>\n\t\t\t\t\n\t\t\t\t\n\t\t\t\t\n\t\t\t\t\t\t\t<\/div>\n\t\t\t\t\t\t\t<a href=\"https:\/\/fridaysproject.es\/es\/\" class=\"premium-banner-ib-link\"><\/a>\n\t\t\t\t\t<\/div>\n\n\t\t\t\t\t\t<\/div>\n\t\t\t\t<\/div>\n\t\t\t\t<div class=\"elementor-element elementor-element-90e44c3 elementor-widget__width-initial elementor-widget elementor-widget-premium-addon-banner\" data-id=\"90e44c3\" data-element_type=\"widget\" data-e-type=\"widget\" data-widget_type=\"premium-addon-banner.default\">\n\t\t\t\t<div class=\"elementor-widget-container\">\n\t\t\t\t\t\t\t<div class=\"premium-banner-ib premium-banner-min-height premium-banner-animation2 none premium-banner__effect-type1\">\n\t\t\t\t\t\t\t\t\t\t<img loading=\"lazy\" decoding=\"async\" width=\"1903\" height=\"927\" src=\"https:\/\/jurojin.es\/wp-content\/uploads\/2024\/04\/Screenshot-2024-04-15-at-16-36-45-SHANA.png\" class=\"attachment-full size-full wp-image-13208\" alt=\"\" srcset=\"https:\/\/jurojin.es\/wp-content\/uploads\/2024\/04\/Screenshot-2024-04-15-at-16-36-45-SHANA.png 1903w, https:\/\/jurojin.es\/wp-content\/uploads\/2024\/04\/Screenshot-2024-04-15-at-16-36-45-SHANA-300x146.png 300w, https:\/\/jurojin.es\/wp-content\/uploads\/2024\/04\/Screenshot-2024-04-15-at-16-36-45-SHANA-1024x499.png 1024w, https:\/\/jurojin.es\/wp-content\/uploads\/2024\/04\/Screenshot-2024-04-15-at-16-36-45-SHANA-768x374.png 768w, https:\/\/jurojin.es\/wp-content\/uploads\/2024\/04\/Screenshot-2024-04-15-at-16-36-45-SHANA-1536x748.png 1536w, https:\/\/jurojin.es\/wp-content\/uploads\/2024\/04\/Screenshot-2024-04-15-at-16-36-45-SHANA-18x9.png 18w\" sizes=\"(max-width: 1903px) 100vw, 1903px\" \/>\t\t\t\t\t\t\t\t\t<div class=\"premium-banner-ib-desc\">\n\t\t\t\t\n\t\t\t\t\t\t\t\t\t<h3 class=\"premium-banner-ib-title premium_banner_title\">\n\t\t\t\t\t\tShana\t\t\t\t\t<\/h3>\n\t\t\t\t\n\t\t\t\t\n\t\t\t\t\n\t\t\t\t\t\t\t<\/div>\n\t\t\t\t\t\t\t<a href=\"https:\/\/www.shanastore.es\/\" class=\"premium-banner-ib-link\"><\/a>\n\t\t\t\t\t<\/div>\n\n\t\t\t\t\t\t<\/div>\n\t\t\t\t<\/div>\n\t\t\t\t<div class=\"elementor-element elementor-element-3d28478 elementor-widget__width-initial elementor-widget elementor-widget-premium-addon-banner\" data-id=\"3d28478\" data-element_type=\"widget\" data-e-type=\"widget\" data-widget_type=\"premium-addon-banner.default\">\n\t\t\t\t<div class=\"elementor-widget-container\">\n\t\t\t\t\t\t\t<div class=\"premium-banner-ib premium-banner-min-height premium-banner-animation2 none premium-banner__effect-type1\">\n\t\t\t\t\t\t\t\t\t\t<img loading=\"lazy\" decoding=\"async\" width=\"2560\" height=\"1706\" src=\"https:\/\/jurojin.es\/wp-content\/uploads\/2023\/05\/Miss_Vogue_Mas_que_nunca_S21-4-1-scaled-e1685317722391.webp\" class=\"attachment-full size-full wp-image-2659\" alt=\"\" srcset=\"https:\/\/jurojin.es\/wp-content\/uploads\/2023\/05\/Miss_Vogue_Mas_que_nunca_S21-4-1-scaled-e1685317722391.webp 2560w, https:\/\/jurojin.es\/wp-content\/uploads\/2023\/05\/Miss_Vogue_Mas_que_nunca_S21-4-1-scaled-e1685317722391-300x200.webp 300w, https:\/\/jurojin.es\/wp-content\/uploads\/2023\/05\/Miss_Vogue_Mas_que_nunca_S21-4-1-scaled-e1685317722391-1024x682.webp 1024w, https:\/\/jurojin.es\/wp-content\/uploads\/2023\/05\/Miss_Vogue_Mas_que_nunca_S21-4-1-scaled-e1685317722391-768x512.webp 768w, https:\/\/jurojin.es\/wp-content\/uploads\/2023\/05\/Miss_Vogue_Mas_que_nunca_S21-4-1-scaled-e1685317722391-1536x1024.webp 1536w, https:\/\/jurojin.es\/wp-content\/uploads\/2023\/05\/Miss_Vogue_Mas_que_nunca_S21-4-1-scaled-e1685317722391-2048x1365.webp 2048w\" sizes=\"(max-width: 2560px) 100vw, 2560px\" \/>\t\t\t\t\t\t\t\t\t<div class=\"premium-banner-ib-desc\">\n\t\t\t\t\n\t\t\t\t\t\t\t\t\t<h3 class=\"premium-banner-ib-title premium_banner_title\">\n\t\t\t\t\t\tVogue\t\t\t\t\t<\/h3>\n\t\t\t\t\n\t\t\t\t\n\t\t\t\t\n\t\t\t\t\t\t\t<\/div>\n\t\t\t\t\t\t\t<a href=\"https:\/\/jurojin.es\/en\/patentes\/\" class=\"premium-banner-ib-link\"><\/a>\n\t\t\t\t\t<\/div>\n\n\t\t\t\t\t\t<\/div>\n\t\t\t\t<\/div>\n\t\t\t\t<div class=\"elementor-element elementor-element-3445b1c elementor-widget__width-initial elementor-widget elementor-widget-premium-addon-banner\" data-id=\"3445b1c\" data-element_type=\"widget\" data-e-type=\"widget\" data-widget_type=\"premium-addon-banner.default\">\n\t\t\t\t<div class=\"elementor-widget-container\">\n\t\t\t\t\t\t\t<div class=\"premium-banner-ib premium-banner-min-height premium-banner-animation2 none premium-banner__effect-type1\">\n\t\t\t\t\t\t\t\t\t\t<img loading=\"lazy\" decoding=\"async\" width=\"1903\" height=\"927\" src=\"https:\/\/jurojin.es\/wp-content\/uploads\/2024\/04\/Screenshot-2024-04-15-at-16-38-43-Imiloa.png\" class=\"attachment-full size-full wp-image-13215\" alt=\"\" srcset=\"https:\/\/jurojin.es\/wp-content\/uploads\/2024\/04\/Screenshot-2024-04-15-at-16-38-43-Imiloa.png 1903w, https:\/\/jurojin.es\/wp-content\/uploads\/2024\/04\/Screenshot-2024-04-15-at-16-38-43-Imiloa-300x146.png 300w, https:\/\/jurojin.es\/wp-content\/uploads\/2024\/04\/Screenshot-2024-04-15-at-16-38-43-Imiloa-1024x499.png 1024w, https:\/\/jurojin.es\/wp-content\/uploads\/2024\/04\/Screenshot-2024-04-15-at-16-38-43-Imiloa-768x374.png 768w, https:\/\/jurojin.es\/wp-content\/uploads\/2024\/04\/Screenshot-2024-04-15-at-16-38-43-Imiloa-1536x748.png 1536w, https:\/\/jurojin.es\/wp-content\/uploads\/2024\/04\/Screenshot-2024-04-15-at-16-38-43-Imiloa-18x9.png 18w\" sizes=\"(max-width: 1903px) 100vw, 1903px\" \/>\t\t\t\t\t\t\t\t\t<div class=\"premium-banner-ib-desc\">\n\t\t\t\t\n\t\t\t\t\t\t\t\t\t<h3 class=\"premium-banner-ib-title premium_banner_title\">\n\t\t\t\t\t\tImiloa\t\t\t\t\t<\/h3>\n\t\t\t\t\n\t\t\t\t\n\t\t\t\t\n\t\t\t\t\t\t\t<\/div>\n\t\t\t\t\t\t\t<a href=\"https:\/\/www.imiloa.es\/es\/\" class=\"premium-banner-ib-link\"><\/a>\n\t\t\t\t\t<\/div>\n\n\t\t\t\t\t\t<\/div>\n\t\t\t\t<\/div>\n\t\t\t\t<div class=\"elementor-element elementor-element-e12823a elementor-widget__width-initial elementor-widget elementor-widget-premium-addon-banner\" data-id=\"e12823a\" data-element_type=\"widget\" data-e-type=\"widget\" data-widget_type=\"premium-addon-banner.default\">\n\t\t\t\t<div class=\"elementor-widget-container\">\n\t\t\t\t\t\t\t<div class=\"premium-banner-ib premium-banner-min-height premium-banner-animation2 none premium-banner__effect-type1\">\n\t\t\t\t\t\t\t\t\t\t<img loading=\"lazy\" decoding=\"async\" width=\"1903\" height=\"927\" src=\"https:\/\/jurojin.es\/wp-content\/uploads\/2024\/04\/heartscream.jpg\" class=\"attachment-full size-full wp-image-13372\" alt=\"\" srcset=\"https:\/\/jurojin.es\/wp-content\/uploads\/2024\/04\/heartscream.jpg 1903w, https:\/\/jurojin.es\/wp-content\/uploads\/2024\/04\/heartscream-300x146.jpg 300w, https:\/\/jurojin.es\/wp-content\/uploads\/2024\/04\/heartscream-1024x499.jpg 1024w, https:\/\/jurojin.es\/wp-content\/uploads\/2024\/04\/heartscream-768x374.jpg 768w, https:\/\/jurojin.es\/wp-content\/uploads\/2024\/04\/heartscream-1536x748.jpg 1536w, https:\/\/jurojin.es\/wp-content\/uploads\/2024\/04\/heartscream-18x9.jpg 18w\" sizes=\"(max-width: 1903px) 100vw, 1903px\" \/>\t\t\t\t\t\t\t\t\t<div class=\"premium-banner-ib-desc\">\n\t\t\t\t\n\t\t\t\t\t\t\t\t\t<h3 class=\"premium-banner-ib-title premium_banner_title\">\n\t\t\t\t\t\tHearts &amp; Cream\t\t\t\t\t<\/h3>\n\t\t\t\t\n\t\t\t\t\n\t\t\t\t\n\t\t\t\t\t\t\t<\/div>\n\t\t\t\t\t\t\t<a href=\"https:\/\/www.heartsandcream.com\/\" class=\"premium-banner-ib-link\"><\/a>\n\t\t\t\t\t<\/div>\n\n\t\t\t\t\t\t<\/div>\n\t\t\t\t<\/div>\n\t\t\t\t\t<\/div>\n\t\t<\/div>\n\t\t\t\t\t<\/div>\n\t\t<\/section>\n\t\t\t\t<section class=\"elementor-section elementor-top-section elementor-element elementor-element-23bcf3f3 elementor-section-full_width elementor-section-height-min-height elementor-section-height-default elementor-section-items-middle wpr-particle-no wpr-jarallax-no wpr-parallax-no wpr-sticky-section-no wpr-equal-height-no\" data-id=\"23bcf3f3\" data-element_type=\"section\" data-e-type=\"section\" data-settings=\"{&quot;background_background&quot;:&quot;classic&quot;}\">\n\t\t\t\t\t\t<div class=\"elementor-container elementor-column-gap-default\">\n\t\t\t\t\t<div class=\"elementor-column elementor-col-100 elementor-top-column elementor-element elementor-element-215911e\" data-id=\"215911e\" data-element_type=\"column\" data-e-type=\"column\">\n\t\t\t<div class=\"elementor-widget-wrap elementor-element-populated\">\n\t\t\t\t\t\t<div class=\"elementor-element elementor-element-2a8a410a elementor-widget elementor-widget-heading\" data-id=\"2a8a410a\" data-element_type=\"widget\" data-e-type=\"widget\" data-widget_type=\"heading.default\">\n\t\t\t\t<div class=\"elementor-widget-container\">\n\t\t\t\t\t<h2 class=\"elementor-heading-title elementor-size-default\">More than 20 years of experience<\/h2>\t\t\t\t<\/div>\n\t\t\t\t<\/div>\n\t\t\t\t<div class=\"elementor-element elementor-element-6c71c82d elementor-widget elementor-widget-image\" data-id=\"6c71c82d\" data-element_type=\"widget\" data-e-type=\"widget\" data-widget_type=\"image.default\">\n\t\t\t\t<div class=\"elementor-widget-container\">\n\t\t\t\t\t\t\t\t\t\t\t\t\t\t\t<img loading=\"lazy\" decoding=\"async\" width=\"666\" height=\"30\" src=\"https:\/\/jurojin.es\/wp-content\/uploads\/2023\/05\/pngkey.com-separadores-png-3468798.png\" class=\"attachment-large size-large wp-image-1861\" alt=\"\" srcset=\"https:\/\/jurojin.es\/wp-content\/uploads\/2023\/05\/pngkey.com-separadores-png-3468798.png 666w, https:\/\/jurojin.es\/wp-content\/uploads\/2023\/05\/pngkey.com-separadores-png-3468798-300x14.png 300w, https:\/\/jurojin.es\/wp-content\/uploads\/2023\/05\/pngkey.com-separadores-png-3468798-18x1.png 18w\" sizes=\"(max-width: 666px) 100vw, 666px\" \/>\t\t\t\t\t\t\t\t\t\t\t\t\t\t\t<\/div>\n\t\t\t\t<\/div>\n\t\t\t\t\t<\/div>\n\t\t<\/div>\n\t\t\t\t\t<\/div>\n\t\t<\/section>\n\t\t\t\t<\/div>","protected":false},"excerpt":{"rendered":"<p>Textil Grupo Jurojin es un referente destacado en la industria textil, con una s\u00f3lida presencia en el mercado como fabricante de su propia marca de ropa. Con una pasi\u00f3n por la moda y la calidad, el grupo se ha posicionado como un l\u00edder en la creaci\u00f3n de prendas de vestir innovadoras y con estilo.Con una cadena de producci\u00f3n integrada verticalmente, Grupo Jurojin controla cada etapa del proceso de fabricaci\u00f3n de sus prendas. Desde el dise\u00f1o inicial hasta la producci\u00f3n y distribuci\u00f3n, el grupo se compromete a ofrecer productos de alta calidad que satisfacen las demandas de los clientes m\u00e1s exigentes. Tentazioni Double Agent Friday&#8217;s Project Shana Vogue Imiloa Hearts &amp; Cream M\u00e1s de 20 A\u00f1os de experiencia<\/p>","protected":false},"author":8,"featured_media":0,"parent":0,"menu_order":0,"comment_status":"closed","ping_status":"closed","template":"","meta":{"site-sidebar-layout":"no-sidebar","site-content-layout":"page-builder","ast-site-content-layout":"default","site-content-style":"default","site-sidebar-style":"default","ast-global-header-display":"","ast-banner-title-visibility":"","ast-main-header-display":"","ast-hfb-above-header-display":"","ast-hfb-below-header-display":"","ast-hfb-mobile-header-display":"","site-post-title":"disabled","ast-breadcrumbs-content":"","ast-featured-img":"disabled","footer-sml-layout":"","theme-transparent-header-meta":"","adv-header-id-meta":"","stick-header-meta":"","header-above-stick-meta":"","header-main-stick-meta":"","header-below-stick-meta":"","astra-migrate-meta-layouts":"default","ast-page-background-enabled":"default","ast-page-background-meta":{"desktop":{"background-color":"","background-image":"","background-repeat":"repeat","background-position":"center center","background-size":"auto","background-attachment":"scroll","background-type":"","background-media":"","overlay-type":"","overlay-color":"","overlay-opacity":"","overlay-gradient":""},"tablet":{"background-color":"","background-image":"","background-repeat":"repeat","background-position":"center center","background-size":"auto","background-attachment":"scroll","background-type":"","background-media":"","overlay-type":"","overlay-color":"","overlay-opacity":"","overlay-gradient":""},"mobile":{"background-color":"","background-image":"","background-repeat":"repeat","background-position":"center center","background-size":"auto","background-attachment":"scroll","background-type":"","background-media":"","overlay-type":"","overlay-color":"","overlay-opacity":"","overlay-gradient":""}},"ast-content-background-meta":{"desktop":{"background-color":"var(--ast-global-color-5)","background-image":"","background-repeat":"repeat","background-position":"center center","background-size":"auto","background-attachment":"scroll","background-type":"","background-media":"","overlay-type":"","overlay-color":"","overlay-opacity":"","overlay-gradient":""},"tablet":{"background-color":"var(--ast-global-color-5)","background-image":"","background-repeat":"repeat","background-position":"center center","background-size":"auto","background-attachment":"scroll","background-type":"","background-media":"","overlay-type":"","overlay-color":"","overlay-opacity":"","overlay-gradient":""},"mobile":{"background-color":"var(--ast-global-color-5)","background-image":"","background-repeat":"repeat","background-position":"center center","background-size":"auto","background-attachment":"scroll","background-type":"","background-media":"","overlay-type":"","overlay-color":"","overlay-opacity":"","overlay-gradient":""}},"footnotes":""},"class_list":["post-13193","page","type-page","status-publish","hentry"],"_links":{"self":[{"href":"https:\/\/jurojin.es\/en\/wp-json\/wp\/v2\/pages\/13193","targetHints":{"allow":["GET"]}}],"collection":[{"href":"https:\/\/jurojin.es\/en\/wp-json\/wp\/v2\/pages"}],"about":[{"href":"https:\/\/jurojin.es\/en\/wp-json\/wp\/v2\/types\/page"}],"author":[{"embeddable":true,"href":"https:\/\/jurojin.es\/en\/wp-json\/wp\/v2\/users\/8"}],"replies":[{"embeddable":true,"href":"https:\/\/jurojin.es\/en\/wp-json\/wp\/v2\/comments?post=13193"}],"version-history":[{"count":31,"href":"https:\/\/jurojin.es\/en\/wp-json\/wp\/v2\/pages\/13193\/revisions"}],"predecessor-version":[{"id":13375,"href":"https:\/\/jurojin.es\/en\/wp-json\/wp\/v2\/pages\/13193\/revisions\/13375"}],"wp:attachment":[{"href":"https:\/\/jurojin.es\/en\/wp-json\/wp\/v2\/media?parent=13193"}],"curies":[{"name":"wp","href":"https:\/\/api.w.org\/{rel}","templated":true}]}}