{"id":13181,"date":"2024-04-15T12:43:56","date_gmt":"2024-04-15T12:43:56","guid":{"rendered":"https:\/\/jurojin.es\/?page_id=13181"},"modified":"2024-04-15T20:00:03","modified_gmt":"2024-04-15T20:00:03","slug":"servicios-empresa","status":"publish","type":"page","link":"https:\/\/jurojin.es\/en\/servicios-empresa\/","title":{"rendered":"Servicios Empresa"},"content":{"rendered":"<div data-elementor-type=\"wp-page\" data-elementor-id=\"13181\" class=\"elementor elementor-13181\">\n\t\t\t\t\t\t<section class=\"elementor-section elementor-top-section elementor-element elementor-element-41c82976 elementor-section-full_width elementor-section-height-full elementor-section-items-bottom elementor-section-stretched elementor-section-height-default wpr-particle-no wpr-jarallax-no wpr-parallax-no wpr-sticky-section-no wpr-equal-height-no\" data-id=\"41c82976\" data-element_type=\"section\" data-e-type=\"section\" data-settings=\"{&quot;stretch_section&quot;:&quot;section-stretched&quot;,&quot;background_background&quot;:&quot;classic&quot;}\">\n\t\t\t\t\t\t\t<div class=\"elementor-background-overlay\"><\/div>\n\t\t\t\t\t\t\t<div class=\"elementor-container elementor-column-gap-no\">\n\t\t\t\t\t<div class=\"elementor-column elementor-col-100 elementor-top-column elementor-element elementor-element-823f7ec\" data-id=\"823f7ec\" data-element_type=\"column\" data-e-type=\"column\">\n\t\t\t<div class=\"elementor-widget-wrap elementor-element-populated\">\n\t\t\t\t\t\t<div class=\"elementor-element elementor-element-30ac2b1f elementor-widget elementor-widget-heading\" data-id=\"30ac2b1f\" data-element_type=\"widget\" data-e-type=\"widget\" data-widget_type=\"heading.default\">\n\t\t\t\t<div class=\"elementor-widget-container\">\n\t\t\t\t\t<h2 class=\"elementor-heading-title elementor-size-default\">Servicios Empresa<\/h2>\t\t\t\t<\/div>\n\t\t\t\t<\/div>\n\t\t\t\t\t<\/div>\n\t\t<\/div>\n\t\t\t\t\t<\/div>\n\t\t<\/section>\n\t\t\t\t<section class=\"elementor-section elementor-top-section elementor-element elementor-element-1b42ba03 elementor-section-full_width elementor-section-height-min-height elementor-section-content-middle elementor-section-stretched elementor-section-height-default elementor-section-items-middle wpr-particle-no wpr-jarallax-no wpr-parallax-no wpr-sticky-section-no wpr-equal-height-no\" data-id=\"1b42ba03\" data-element_type=\"section\" data-e-type=\"section\" data-settings=\"{&quot;stretch_section&quot;:&quot;section-stretched&quot;,&quot;background_background&quot;:&quot;classic&quot;}\">\n\t\t\t\t\t\t<div class=\"elementor-container elementor-column-gap-no\">\n\t\t\t\t\t<div class=\"elementor-column elementor-col-100 elementor-top-column elementor-element elementor-element-845a4a5\" data-id=\"845a4a5\" data-element_type=\"column\" data-e-type=\"column\">\n\t\t\t<div class=\"elementor-widget-wrap elementor-element-populated\">\n\t\t\t\t\t\t<div class=\"elementor-element elementor-element-37028853 elementor-widget__width-initial elementor-widget elementor-widget-text-editor\" data-id=\"37028853\" data-element_type=\"widget\" data-e-type=\"widget\" data-widget_type=\"text-editor.default\">\n\t\t\t\t<div class=\"elementor-widget-container\">\n\t\t\t\t\t\t\t\t\t<p>Grupo Jurojin es un l\u00edder destacado en los servicios de empresa, n<span style=\"font-weight: 400;\">os adelantamos a las necesidades de la sociedad y de los clientes. En nuestro continuo proceso de creaci\u00f3n de nuevos servicios apostamos por nuestros valores de compromiso, innovaci\u00f3n y liderazgo.<\/span><\/p><p><span style=\"font-weight: 400;\">Gracias a la calidad y diversidad de nuestros servicios y filosof\u00eda de m\u00e1ximo esfuerzo en el trabajo, hemos logrado ser los<\/span><b> l\u00edderes en nuestro sector<\/b><span style=\"font-weight: 400;\">.<\/span><\/p>\t\t\t\t\t\t\t\t<\/div>\n\t\t\t\t<\/div>\n\t\t\t\t<div class=\"elementor-element elementor-element-188a3b8 elementor-widget__width-initial elementor-widget elementor-widget-premium-addon-banner\" data-id=\"188a3b8\" data-element_type=\"widget\" data-e-type=\"widget\" data-widget_type=\"premium-addon-banner.default\">\n\t\t\t\t<div class=\"elementor-widget-container\">\n\t\t\t\t\t\t\t<div class=\"premium-banner-ib premium-banner-min-height premium-banner-animation2 none premium-banner__effect-type1\">\n\t\t\t\t\t\t\t\t\t\t<img fetchpriority=\"high\" decoding=\"async\" width=\"1245\" height=\"577\" src=\"https:\/\/jurojin.es\/wp-content\/uploads\/2024\/04\/gestoria.jpg\" class=\"attachment-full size-full wp-image-13183\" alt=\"\" srcset=\"https:\/\/jurojin.es\/wp-content\/uploads\/2024\/04\/gestoria.jpg 1245w, https:\/\/jurojin.es\/wp-content\/uploads\/2024\/04\/gestoria-300x139.jpg 300w, https:\/\/jurojin.es\/wp-content\/uploads\/2024\/04\/gestoria-1024x475.jpg 1024w, https:\/\/jurojin.es\/wp-content\/uploads\/2024\/04\/gestoria-768x356.jpg 768w, https:\/\/jurojin.es\/wp-content\/uploads\/2024\/04\/gestoria-18x8.jpg 18w\" sizes=\"(max-width: 1245px) 100vw, 1245px\" \/>\t\t\t\t\t\t\t\t\t<div class=\"premium-banner-ib-desc\">\n\t\t\t\t\n\t\t\t\t\t\t\t\t\t<h3 class=\"premium-banner-ib-title premium_banner_title\">\n\t\t\t\t\t\tAsesor\u00eda - Gestor\u00eda\t\t\t\t\t<\/h3>\n\t\t\t\t\n\t\t\t\t\n\t\t\t\t\n\t\t\t\t\t\t\t<\/div>\n\t\t\t\t\t\t\t<a href=\"https:\/\/jurojin.es\/en\/gestoria-y-asesoria\/\" class=\"premium-banner-ib-link\"><\/a>\n\t\t\t\t\t<\/div>\n\n\t\t\t\t\t\t<\/div>\n\t\t\t\t<\/div>\n\t\t\t\t<div class=\"elementor-element elementor-element-24ca8358 elementor-widget__width-initial elementor-widget elementor-widget-premium-addon-banner\" data-id=\"24ca8358\" data-element_type=\"widget\" data-e-type=\"widget\" data-widget_type=\"premium-addon-banner.default\">\n\t\t\t\t<div class=\"elementor-widget-container\">\n\t\t\t\t\t\t\t<div class=\"premium-banner-ib premium-banner-min-height premium-banner-animation2 none premium-banner__effect-type1\">\n\t\t\t\t\t\t\t\t\t\t<img decoding=\"async\" width=\"1200\" height=\"628\" src=\"https:\/\/jurojin.es\/wp-content\/uploads\/2024\/04\/riesgos-laborales.jpg\" class=\"attachment-full size-full wp-image-13184\" alt=\"\" srcset=\"https:\/\/jurojin.es\/wp-content\/uploads\/2024\/04\/riesgos-laborales.jpg 1200w, https:\/\/jurojin.es\/wp-content\/uploads\/2024\/04\/riesgos-laborales-300x157.jpg 300w, https:\/\/jurojin.es\/wp-content\/uploads\/2024\/04\/riesgos-laborales-1024x536.jpg 1024w, https:\/\/jurojin.es\/wp-content\/uploads\/2024\/04\/riesgos-laborales-768x402.jpg 768w, https:\/\/jurojin.es\/wp-content\/uploads\/2024\/04\/riesgos-laborales-18x9.jpg 18w\" sizes=\"(max-width: 1200px) 100vw, 1200px\" \/>\t\t\t\t\t\t\t\t\t<div class=\"premium-banner-ib-desc\">\n\t\t\t\t\n\t\t\t\t\t\t\t\t\t<h3 class=\"premium-banner-ib-title premium_banner_title\">\n\t\t\t\t\t\tPrevenci\u00f3n Riesgos Laborales\t\t\t\t\t<\/h3>\n\t\t\t\t\n\t\t\t\t\n\t\t\t\t\n\t\t\t\t\t\t\t<\/div>\n\t\t\t\t\t\t\t<a href=\"http:\/\/huergayasociados.com\/\" class=\"premium-banner-ib-link\"><\/a>\n\t\t\t\t\t<\/div>\n\n\t\t\t\t\t\t<\/div>\n\t\t\t\t<\/div>\n\t\t\t\t<div class=\"elementor-element elementor-element-319ecdfe elementor-widget__width-initial elementor-widget elementor-widget-premium-addon-banner\" data-id=\"319ecdfe\" data-element_type=\"widget\" data-e-type=\"widget\" data-widget_type=\"premium-addon-banner.default\">\n\t\t\t\t<div class=\"elementor-widget-container\">\n\t\t\t\t\t\t\t<div class=\"premium-banner-ib premium-banner-min-height premium-banner-animation2 none premium-banner__effect-type1\">\n\t\t\t\t\t\t\t\t\t\t<img decoding=\"async\" width=\"1200\" height=\"675\" src=\"https:\/\/jurojin.es\/wp-content\/uploads\/2024\/04\/ciberseguridad.jpg\" class=\"attachment-full size-full wp-image-13185\" alt=\"\" srcset=\"https:\/\/jurojin.es\/wp-content\/uploads\/2024\/04\/ciberseguridad.jpg 1200w, https:\/\/jurojin.es\/wp-content\/uploads\/2024\/04\/ciberseguridad-300x169.jpg 300w, https:\/\/jurojin.es\/wp-content\/uploads\/2024\/04\/ciberseguridad-1024x576.jpg 1024w, https:\/\/jurojin.es\/wp-content\/uploads\/2024\/04\/ciberseguridad-768x432.jpg 768w, https:\/\/jurojin.es\/wp-content\/uploads\/2024\/04\/ciberseguridad-18x10.jpg 18w\" sizes=\"(max-width: 1200px) 100vw, 1200px\" \/>\t\t\t\t\t\t\t\t\t<div class=\"premium-banner-ib-desc\">\n\t\t\t\t\n\t\t\t\t\t\t\t\t\t<h3 class=\"premium-banner-ib-title premium_banner_title\">\n\t\t\t\t\t\tCiberseguridad\t\t\t\t\t<\/h3>\n\t\t\t\t\n\t\t\t\t\n\t\t\t\t\n\t\t\t\t\t\t\t<\/div>\n\t\t\t\t\t\t\t<a href=\"https:\/\/hidroinari.es\" class=\"premium-banner-ib-link\"><\/a>\n\t\t\t\t\t<\/div>\n\n\t\t\t\t\t\t<\/div>\n\t\t\t\t<\/div>\n\t\t\t\t<div class=\"elementor-element elementor-element-90e44c3 elementor-widget__width-initial elementor-widget elementor-widget-premium-addon-banner\" data-id=\"90e44c3\" data-element_type=\"widget\" data-e-type=\"widget\" data-widget_type=\"premium-addon-banner.default\">\n\t\t\t\t<div class=\"elementor-widget-container\">\n\t\t\t\t\t\t\t<div class=\"premium-banner-ib premium-banner-min-height premium-banner-animation2 none premium-banner__effect-type1\">\n\t\t\t\t\t\t\t\t\t\t<img loading=\"lazy\" decoding=\"async\" width=\"1920\" height=\"900\" src=\"https:\/\/jurojin.es\/wp-content\/uploads\/2024\/04\/facility-services.jpg\" class=\"attachment-full size-full wp-image-13186\" alt=\"\" srcset=\"https:\/\/jurojin.es\/wp-content\/uploads\/2024\/04\/facility-services.jpg 1920w, https:\/\/jurojin.es\/wp-content\/uploads\/2024\/04\/facility-services-300x141.jpg 300w, https:\/\/jurojin.es\/wp-content\/uploads\/2024\/04\/facility-services-1024x480.jpg 1024w, https:\/\/jurojin.es\/wp-content\/uploads\/2024\/04\/facility-services-768x360.jpg 768w, https:\/\/jurojin.es\/wp-content\/uploads\/2024\/04\/facility-services-1536x720.jpg 1536w, https:\/\/jurojin.es\/wp-content\/uploads\/2024\/04\/facility-services-18x8.jpg 18w\" sizes=\"(max-width: 1920px) 100vw, 1920px\" \/>\t\t\t\t\t\t\t\t\t<div class=\"premium-banner-ib-desc\">\n\t\t\t\t\n\t\t\t\t\t\t\t\t\t<h3 class=\"premium-banner-ib-title premium_banner_title\">\n\t\t\t\t\t\tFacility Services\t\t\t\t\t<\/h3>\n\t\t\t\t\n\t\t\t\t\n\t\t\t\t\n\t\t\t\t\t\t\t<\/div>\n\t\t\t\t\t\t\t<a href=\"http:\/\/huergayasociados.com\/\" class=\"premium-banner-ib-link\"><\/a>\n\t\t\t\t\t<\/div>\n\n\t\t\t\t\t\t<\/div>\n\t\t\t\t<\/div>\n\t\t\t\t\t<\/div>\n\t\t<\/div>\n\t\t\t\t\t<\/div>\n\t\t<\/section>\n\t\t\t\t<section class=\"elementor-section elementor-top-section elementor-element elementor-element-23bcf3f3 elementor-section-full_width elementor-section-height-min-height elementor-section-height-default elementor-section-items-middle wpr-particle-no wpr-jarallax-no wpr-parallax-no wpr-sticky-section-no wpr-equal-height-no\" data-id=\"23bcf3f3\" data-element_type=\"section\" data-e-type=\"section\" data-settings=\"{&quot;background_background&quot;:&quot;classic&quot;}\">\n\t\t\t\t\t\t<div class=\"elementor-container elementor-column-gap-default\">\n\t\t\t\t\t<div class=\"elementor-column elementor-col-100 elementor-top-column elementor-element elementor-element-215911e\" data-id=\"215911e\" data-element_type=\"column\" data-e-type=\"column\">\n\t\t\t<div class=\"elementor-widget-wrap elementor-element-populated\">\n\t\t\t\t\t\t<div class=\"elementor-element elementor-element-2a8a410a elementor-widget elementor-widget-heading\" data-id=\"2a8a410a\" data-element_type=\"widget\" data-e-type=\"widget\" data-widget_type=\"heading.default\">\n\t\t\t\t<div class=\"elementor-widget-container\">\n\t\t\t\t\t<h2 class=\"elementor-heading-title elementor-size-default\">More than 20 years of experience<\/h2>\t\t\t\t<\/div>\n\t\t\t\t<\/div>\n\t\t\t\t<div class=\"elementor-element elementor-element-6c71c82d elementor-widget elementor-widget-image\" data-id=\"6c71c82d\" data-element_type=\"widget\" data-e-type=\"widget\" data-widget_type=\"image.default\">\n\t\t\t\t<div class=\"elementor-widget-container\">\n\t\t\t\t\t\t\t\t\t\t\t\t\t\t\t<img loading=\"lazy\" decoding=\"async\" width=\"666\" height=\"30\" src=\"https:\/\/jurojin.es\/wp-content\/uploads\/2023\/05\/pngkey.com-separadores-png-3468798.png\" class=\"attachment-large size-large wp-image-1861\" alt=\"\" srcset=\"https:\/\/jurojin.es\/wp-content\/uploads\/2023\/05\/pngkey.com-separadores-png-3468798.png 666w, https:\/\/jurojin.es\/wp-content\/uploads\/2023\/05\/pngkey.com-separadores-png-3468798-300x14.png 300w, https:\/\/jurojin.es\/wp-content\/uploads\/2023\/05\/pngkey.com-separadores-png-3468798-18x1.png 18w\" sizes=\"(max-width: 666px) 100vw, 666px\" \/>\t\t\t\t\t\t\t\t\t\t\t\t\t\t\t<\/div>\n\t\t\t\t<\/div>\n\t\t\t\t\t<\/div>\n\t\t<\/div>\n\t\t\t\t\t<\/div>\n\t\t<\/section>\n\t\t\t\t<\/div>","protected":false},"excerpt":{"rendered":"<p>Servicios Empresa Grupo Jurojin es un l\u00edder destacado en los servicios de empresa, nos adelantamos a las necesidades de la sociedad y de los clientes. En nuestro continuo proceso de creaci\u00f3n de nuevos servicios apostamos por nuestros valores de compromiso, innovaci\u00f3n y liderazgo. Gracias a la calidad y diversidad de nuestros servicios y filosof\u00eda de m\u00e1ximo esfuerzo en el trabajo, hemos logrado ser los l\u00edderes en nuestro sector. Asesor\u00eda &#8211; Gestor\u00eda Prevenci\u00f3n Riesgos Laborales Ciberseguridad Facility Services M\u00e1s de 20 A\u00f1os de experiencia<\/p>","protected":false},"author":8,"featured_media":0,"parent":0,"menu_order":0,"comment_status":"closed","ping_status":"closed","template":"","meta":{"site-sidebar-layout":"no-sidebar","site-content-layout":"page-builder","ast-site-content-layout":"default","site-content-style":"default","site-sidebar-style":"default","ast-global-header-display":"","ast-banner-title-visibility":"","ast-main-header-display":"","ast-hfb-above-header-display":"","ast-hfb-below-header-display":"","ast-hfb-mobile-header-display":"","site-post-title":"disabled","ast-breadcrumbs-content":"","ast-featured-img":"disabled","footer-sml-layout":"","theme-transparent-header-meta":"","adv-header-id-meta":"","stick-header-meta":"","header-above-stick-meta":"","header-main-stick-meta":"","header-below-stick-meta":"","astra-migrate-meta-layouts":"default","ast-page-background-enabled":"default","ast-page-background-meta":{"desktop":{"background-color":"","background-image":"","background-repeat":"repeat","background-position":"center center","background-size":"auto","background-attachment":"scroll","background-type":"","background-media":"","overlay-type":"","overlay-color":"","overlay-opacity":"","overlay-gradient":""},"tablet":{"background-color":"","background-image":"","background-repeat":"repeat","background-position":"center center","background-size":"auto","background-attachment":"scroll","background-type":"","background-media":"","overlay-type":"","overlay-color":"","overlay-opacity":"","overlay-gradient":""},"mobile":{"background-color":"","background-image":"","background-repeat":"repeat","background-position":"center center","background-size":"auto","background-attachment":"scroll","background-type":"","background-media":"","overlay-type":"","overlay-color":"","overlay-opacity":"","overlay-gradient":""}},"ast-content-background-meta":{"desktop":{"background-color":"var(--ast-global-color-5)","background-image":"","background-repeat":"repeat","background-position":"center center","background-size":"auto","background-attachment":"scroll","background-type":"","background-media":"","overlay-type":"","overlay-color":"","overlay-opacity":"","overlay-gradient":""},"tablet":{"background-color":"var(--ast-global-color-5)","background-image":"","background-repeat":"repeat","background-position":"center center","background-size":"auto","background-attachment":"scroll","background-type":"","background-media":"","overlay-type":"","overlay-color":"","overlay-opacity":"","overlay-gradient":""},"mobile":{"background-color":"var(--ast-global-color-5)","background-image":"","background-repeat":"repeat","background-position":"center center","background-size":"auto","background-attachment":"scroll","background-type":"","background-media":"","overlay-type":"","overlay-color":"","overlay-opacity":"","overlay-gradient":""}},"footnotes":""},"class_list":["post-13181","page","type-page","status-publish","hentry"],"_links":{"self":[{"href":"https:\/\/jurojin.es\/en\/wp-json\/wp\/v2\/pages\/13181","targetHints":{"allow":["GET"]}}],"collection":[{"href":"https:\/\/jurojin.es\/en\/wp-json\/wp\/v2\/pages"}],"about":[{"href":"https:\/\/jurojin.es\/en\/wp-json\/wp\/v2\/types\/page"}],"author":[{"embeddable":true,"href":"https:\/\/jurojin.es\/en\/wp-json\/wp\/v2\/users\/8"}],"replies":[{"embeddable":true,"href":"https:\/\/jurojin.es\/en\/wp-json\/wp\/v2\/comments?post=13181"}],"version-history":[{"count":7,"href":"https:\/\/jurojin.es\/en\/wp-json\/wp\/v2\/pages\/13181\/revisions"}],"predecessor-version":[{"id":13264,"href":"https:\/\/jurojin.es\/en\/wp-json\/wp\/v2\/pages\/13181\/revisions\/13264"}],"wp:attachment":[{"href":"https:\/\/jurojin.es\/en\/wp-json\/wp\/v2\/media?parent=13181"}],"curies":[{"name":"wp","href":"https:\/\/api.w.org\/{rel}","templated":true}]}}