{"id":13157,"date":"2024-04-15T12:00:48","date_gmt":"2024-04-15T12:00:48","guid":{"rendered":"https:\/\/jurojin.es\/?page_id=13157"},"modified":"2024-04-15T19:50:17","modified_gmt":"2024-04-15T19:50:17","slug":"servicios-industriales","status":"publish","type":"page","link":"https:\/\/jurojin.es\/en\/servicios-industriales\/","title":{"rendered":"Servicios Industriales"},"content":{"rendered":"<div data-elementor-type=\"wp-page\" data-elementor-id=\"13157\" class=\"elementor elementor-13157\">\n\t\t\t\t\t\t<section class=\"elementor-section elementor-top-section elementor-element elementor-element-41c82976 elementor-section-full_width elementor-section-height-full elementor-section-items-bottom elementor-section-stretched elementor-section-height-default wpr-particle-no wpr-jarallax-no wpr-parallax-no wpr-sticky-section-no wpr-equal-height-no\" data-id=\"41c82976\" data-element_type=\"section\" data-e-type=\"section\" data-settings=\"{&quot;stretch_section&quot;:&quot;section-stretched&quot;,&quot;background_background&quot;:&quot;classic&quot;}\">\n\t\t\t\t\t\t\t<div class=\"elementor-background-overlay\"><\/div>\n\t\t\t\t\t\t\t<div class=\"elementor-container elementor-column-gap-no\">\n\t\t\t\t\t<div class=\"elementor-column elementor-col-100 elementor-top-column elementor-element elementor-element-823f7ec\" data-id=\"823f7ec\" data-element_type=\"column\" data-e-type=\"column\">\n\t\t\t<div class=\"elementor-widget-wrap elementor-element-populated\">\n\t\t\t\t\t\t<div class=\"elementor-element elementor-element-30ac2b1f elementor-widget elementor-widget-heading\" data-id=\"30ac2b1f\" data-element_type=\"widget\" data-e-type=\"widget\" data-widget_type=\"heading.default\">\n\t\t\t\t<div class=\"elementor-widget-container\">\n\t\t\t\t\t<h2 class=\"elementor-heading-title elementor-size-default\">Servicios Industriales<\/h2>\t\t\t\t<\/div>\n\t\t\t\t<\/div>\n\t\t\t\t\t<\/div>\n\t\t<\/div>\n\t\t\t\t\t<\/div>\n\t\t<\/section>\n\t\t\t\t<section class=\"elementor-section elementor-top-section elementor-element elementor-element-1b42ba03 elementor-section-full_width elementor-section-height-min-height elementor-section-content-middle elementor-section-stretched elementor-section-height-default elementor-section-items-middle wpr-particle-no wpr-jarallax-no wpr-parallax-no wpr-sticky-section-no wpr-equal-height-no\" data-id=\"1b42ba03\" data-element_type=\"section\" data-e-type=\"section\" data-settings=\"{&quot;stretch_section&quot;:&quot;section-stretched&quot;,&quot;background_background&quot;:&quot;classic&quot;}\">\n\t\t\t\t\t\t<div class=\"elementor-container elementor-column-gap-no\">\n\t\t\t\t\t<div class=\"elementor-column elementor-col-100 elementor-top-column elementor-element elementor-element-845a4a5\" data-id=\"845a4a5\" data-element_type=\"column\" data-e-type=\"column\">\n\t\t\t<div class=\"elementor-widget-wrap elementor-element-populated\">\n\t\t\t\t\t\t<div class=\"elementor-element elementor-element-37028853 elementor-widget__width-initial elementor-widget elementor-widget-text-editor\" data-id=\"37028853\" data-element_type=\"widget\" data-e-type=\"widget\" data-widget_type=\"text-editor.default\">\n\t\t\t\t<div class=\"elementor-widget-container\">\n\t\t\t\t\t\t\t\t\t<p>Grupo Jurojin es reconocido como un destacado l\u00edder en servicios industriales. Con m\u00e1s de 20 a\u00f1os de experiencia en diversas actividades econ\u00f3micas, el grupo se ha posicionado como un referente en el mercado. Con sede en Gav\u00e0 (Barcelona), se distingue por su enfoque integral en todos los proyectos, ofreciendo una amplia variedad de soluciones y servicios para satisfacer las necesidades espec\u00edficas del sector.<\/p>\t\t\t\t\t\t\t\t<\/div>\n\t\t\t\t<\/div>\n\t\t\t\t<div class=\"elementor-element elementor-element-188a3b8 elementor-widget__width-initial elementor-widget elementor-widget-premium-addon-banner\" data-id=\"188a3b8\" data-element_type=\"widget\" data-e-type=\"widget\" data-widget_type=\"premium-addon-banner.default\">\n\t\t\t\t<div class=\"elementor-widget-container\">\n\t\t\t\t\t\t\t<div class=\"premium-banner-ib premium-banner-min-height premium-banner-animation2 none premium-banner__effect-type1\">\n\t\t\t\t\t\t\t\t\t\t<img fetchpriority=\"high\" decoding=\"async\" width=\"617\" height=\"289\" src=\"https:\/\/jurojin.es\/wp-content\/uploads\/2024\/04\/outsourcing.jpg\" class=\"attachment-full size-full wp-image-13159\" alt=\"\" srcset=\"https:\/\/jurojin.es\/wp-content\/uploads\/2024\/04\/outsourcing.jpg 617w, https:\/\/jurojin.es\/wp-content\/uploads\/2024\/04\/outsourcing-300x141.jpg 300w, https:\/\/jurojin.es\/wp-content\/uploads\/2024\/04\/outsourcing-18x8.jpg 18w\" sizes=\"(max-width: 617px) 100vw, 617px\" \/>\t\t\t\t\t\t\t\t\t<div class=\"premium-banner-ib-desc\">\n\t\t\t\t\n\t\t\t\t\t\t\t\t\t<h3 class=\"premium-banner-ib-title premium_banner_title\">\n\t\t\t\t\t\tOutsourcing\t\t\t\t\t<\/h3>\n\t\t\t\t\n\t\t\t\t\n\t\t\t\t\n\t\t\t\t\t\t\t<\/div>\n\t\t\t\t\t\t\t<a href=\"https:\/\/grupoab23.com\/\" class=\"premium-banner-ib-link\"><\/a>\n\t\t\t\t\t<\/div>\n\n\t\t\t\t\t\t<\/div>\n\t\t\t\t<\/div>\n\t\t\t\t<div class=\"elementor-element elementor-element-24ca8358 elementor-widget__width-initial elementor-widget elementor-widget-premium-addon-banner\" data-id=\"24ca8358\" data-element_type=\"widget\" data-e-type=\"widget\" data-widget_type=\"premium-addon-banner.default\">\n\t\t\t\t<div class=\"elementor-widget-container\">\n\t\t\t\t\t\t\t<div class=\"premium-banner-ib premium-banner-min-height premium-banner-animation2 none premium-banner__effect-type1\">\n\t\t\t\t\t\t\t\t\t\t<img decoding=\"async\" width=\"1920\" height=\"1000\" src=\"https:\/\/jurojin.es\/wp-content\/uploads\/2024\/04\/OBRA-CIVIL.jpg\" class=\"attachment-full size-full wp-image-13163\" alt=\"\" srcset=\"https:\/\/jurojin.es\/wp-content\/uploads\/2024\/04\/OBRA-CIVIL.jpg 1920w, https:\/\/jurojin.es\/wp-content\/uploads\/2024\/04\/OBRA-CIVIL-300x156.jpg 300w, https:\/\/jurojin.es\/wp-content\/uploads\/2024\/04\/OBRA-CIVIL-1024x533.jpg 1024w, https:\/\/jurojin.es\/wp-content\/uploads\/2024\/04\/OBRA-CIVIL-768x400.jpg 768w, https:\/\/jurojin.es\/wp-content\/uploads\/2024\/04\/OBRA-CIVIL-1536x800.jpg 1536w, https:\/\/jurojin.es\/wp-content\/uploads\/2024\/04\/OBRA-CIVIL-18x9.jpg 18w\" sizes=\"(max-width: 1920px) 100vw, 1920px\" \/>\t\t\t\t\t\t\t\t\t<div class=\"premium-banner-ib-desc\">\n\t\t\t\t\n\t\t\t\t\t\t\t\t\t<h3 class=\"premium-banner-ib-title premium_banner_title\">\n\t\t\t\t\t\tObra Civil\t\t\t\t\t<\/h3>\n\t\t\t\t\n\t\t\t\t\n\t\t\t\t\n\t\t\t\t\t\t\t<\/div>\n\t\t\t\t\t\t\t<a href=\"https:\/\/grupoab23.com\/\" class=\"premium-banner-ib-link\"><\/a>\n\t\t\t\t\t<\/div>\n\n\t\t\t\t\t\t<\/div>\n\t\t\t\t<\/div>\n\t\t\t\t<div class=\"elementor-element elementor-element-319ecdfe elementor-widget__width-initial elementor-widget elementor-widget-premium-addon-banner\" data-id=\"319ecdfe\" data-element_type=\"widget\" data-e-type=\"widget\" data-widget_type=\"premium-addon-banner.default\">\n\t\t\t\t<div class=\"elementor-widget-container\">\n\t\t\t\t\t\t\t<div class=\"premium-banner-ib premium-banner-min-height premium-banner-animation2 none premium-banner__effect-type1\">\n\t\t\t\t\t\t\t\t\t\t<img decoding=\"async\" width=\"1150\" height=\"400\" src=\"https:\/\/jurojin.es\/wp-content\/uploads\/2024\/04\/higiene-ambiental.jpg\" class=\"attachment-full size-full wp-image-13171\" alt=\"\" srcset=\"https:\/\/jurojin.es\/wp-content\/uploads\/2024\/04\/higiene-ambiental.jpg 1150w, https:\/\/jurojin.es\/wp-content\/uploads\/2024\/04\/higiene-ambiental-300x104.jpg 300w, https:\/\/jurojin.es\/wp-content\/uploads\/2024\/04\/higiene-ambiental-1024x356.jpg 1024w, https:\/\/jurojin.es\/wp-content\/uploads\/2024\/04\/higiene-ambiental-768x267.jpg 768w, https:\/\/jurojin.es\/wp-content\/uploads\/2024\/04\/higiene-ambiental-18x6.jpg 18w\" sizes=\"(max-width: 1150px) 100vw, 1150px\" \/>\t\t\t\t\t\t\t\t\t<div class=\"premium-banner-ib-desc\">\n\t\t\t\t\n\t\t\t\t\t\t\t\t\t<h3 class=\"premium-banner-ib-title premium_banner_title\">\n\t\t\t\t\t\tHigiene Ambiental\t\t\t\t\t<\/h3>\n\t\t\t\t\n\t\t\t\t\n\t\t\t\t\n\t\t\t\t\t\t\t<\/div>\n\t\t\t\t\t\t\t<a href=\"https:\/\/grupoab23.com\/\" class=\"premium-banner-ib-link\"><\/a>\n\t\t\t\t\t<\/div>\n\n\t\t\t\t\t\t<\/div>\n\t\t\t\t<\/div>\n\t\t\t\t<div class=\"elementor-element elementor-element-90e44c3 elementor-widget__width-initial elementor-widget elementor-widget-premium-addon-banner\" data-id=\"90e44c3\" data-element_type=\"widget\" data-e-type=\"widget\" data-widget_type=\"premium-addon-banner.default\">\n\t\t\t\t<div class=\"elementor-widget-container\">\n\t\t\t\t\t\t\t<div class=\"premium-banner-ib premium-banner-min-height premium-banner-animation2 none premium-banner__effect-type1\">\n\t\t\t\t\t\t\t\t\t\t<img loading=\"lazy\" decoding=\"async\" width=\"845\" height=\"354\" src=\"https:\/\/jurojin.es\/wp-content\/uploads\/2024\/04\/mantenimiento-industrial.jpg\" class=\"attachment-full size-full wp-image-13167\" alt=\"\" srcset=\"https:\/\/jurojin.es\/wp-content\/uploads\/2024\/04\/mantenimiento-industrial.jpg 845w, https:\/\/jurojin.es\/wp-content\/uploads\/2024\/04\/mantenimiento-industrial-300x126.jpg 300w, https:\/\/jurojin.es\/wp-content\/uploads\/2024\/04\/mantenimiento-industrial-768x322.jpg 768w, https:\/\/jurojin.es\/wp-content\/uploads\/2024\/04\/mantenimiento-industrial-18x8.jpg 18w\" sizes=\"(max-width: 845px) 100vw, 845px\" \/>\t\t\t\t\t\t\t\t\t<div class=\"premium-banner-ib-desc\">\n\t\t\t\t\n\t\t\t\t\t\t\t\t\t<h3 class=\"premium-banner-ib-title premium_banner_title\">\n\t\t\t\t\t\tMantenimiento Industrial\t\t\t\t\t<\/h3>\n\t\t\t\t\n\t\t\t\t\n\t\t\t\t\n\t\t\t\t\t\t\t<\/div>\n\t\t\t\t\t\t\t<a href=\"https:\/\/grupoab23.com\/\" class=\"premium-banner-ib-link\"><\/a>\n\t\t\t\t\t<\/div>\n\n\t\t\t\t\t\t<\/div>\n\t\t\t\t<\/div>\n\t\t\t\t\t<\/div>\n\t\t<\/div>\n\t\t\t\t\t<\/div>\n\t\t<\/section>\n\t\t\t\t<section class=\"elementor-section elementor-top-section elementor-element elementor-element-23bcf3f3 elementor-section-full_width elementor-section-height-min-height elementor-section-height-default elementor-section-items-middle wpr-particle-no wpr-jarallax-no wpr-parallax-no wpr-sticky-section-no wpr-equal-height-no\" data-id=\"23bcf3f3\" data-element_type=\"section\" data-e-type=\"section\" data-settings=\"{&quot;background_background&quot;:&quot;classic&quot;}\">\n\t\t\t\t\t\t<div class=\"elementor-container elementor-column-gap-default\">\n\t\t\t\t\t<div class=\"elementor-column elementor-col-100 elementor-top-column elementor-element elementor-element-215911e\" data-id=\"215911e\" data-element_type=\"column\" data-e-type=\"column\">\n\t\t\t<div class=\"elementor-widget-wrap elementor-element-populated\">\n\t\t\t\t\t\t<div class=\"elementor-element elementor-element-2a8a410a elementor-widget elementor-widget-heading\" data-id=\"2a8a410a\" data-element_type=\"widget\" data-e-type=\"widget\" data-widget_type=\"heading.default\">\n\t\t\t\t<div class=\"elementor-widget-container\">\n\t\t\t\t\t<h2 class=\"elementor-heading-title elementor-size-default\">More than 20 years of experience<\/h2>\t\t\t\t<\/div>\n\t\t\t\t<\/div>\n\t\t\t\t<div class=\"elementor-element elementor-element-6c71c82d elementor-widget elementor-widget-image\" data-id=\"6c71c82d\" data-element_type=\"widget\" data-e-type=\"widget\" data-widget_type=\"image.default\">\n\t\t\t\t<div class=\"elementor-widget-container\">\n\t\t\t\t\t\t\t\t\t\t\t\t\t\t\t<img loading=\"lazy\" decoding=\"async\" width=\"666\" height=\"30\" src=\"https:\/\/jurojin.es\/wp-content\/uploads\/2023\/05\/pngkey.com-separadores-png-3468798.png\" class=\"attachment-large size-large wp-image-1861\" alt=\"\" srcset=\"https:\/\/jurojin.es\/wp-content\/uploads\/2023\/05\/pngkey.com-separadores-png-3468798.png 666w, https:\/\/jurojin.es\/wp-content\/uploads\/2023\/05\/pngkey.com-separadores-png-3468798-300x14.png 300w, https:\/\/jurojin.es\/wp-content\/uploads\/2023\/05\/pngkey.com-separadores-png-3468798-18x1.png 18w\" sizes=\"(max-width: 666px) 100vw, 666px\" \/>\t\t\t\t\t\t\t\t\t\t\t\t\t\t\t<\/div>\n\t\t\t\t<\/div>\n\t\t\t\t\t<\/div>\n\t\t<\/div>\n\t\t\t\t\t<\/div>\n\t\t<\/section>\n\t\t\t\t<\/div>","protected":false},"excerpt":{"rendered":"<p>Servicios Industriales Grupo Jurojin es reconocido como un destacado l\u00edder en servicios industriales. Con m\u00e1s de 20 a\u00f1os de experiencia en diversas actividades econ\u00f3micas, el grupo se ha posicionado como un referente en el mercado. Con sede en Gav\u00e0 (Barcelona), se distingue por su enfoque integral en todos los proyectos, ofreciendo una amplia variedad de soluciones y servicios para satisfacer las necesidades espec\u00edficas del sector. Outsourcing Obra Civil Higiene Ambiental Mantenimiento Industrial M\u00e1s de 20 A\u00f1os de experiencia<\/p>","protected":false},"author":8,"featured_media":0,"parent":0,"menu_order":0,"comment_status":"closed","ping_status":"closed","template":"","meta":{"site-sidebar-layout":"no-sidebar","site-content-layout":"page-builder","ast-site-content-layout":"default","site-content-style":"default","site-sidebar-style":"default","ast-global-header-display":"","ast-banner-title-visibility":"","ast-main-header-display":"","ast-hfb-above-header-display":"","ast-hfb-below-header-display":"","ast-hfb-mobile-header-display":"","site-post-title":"disabled","ast-breadcrumbs-content":"","ast-featured-img":"disabled","footer-sml-layout":"","theme-transparent-header-meta":"","adv-header-id-meta":"","stick-header-meta":"","header-above-stick-meta":"","header-main-stick-meta":"","header-below-stick-meta":"","astra-migrate-meta-layouts":"default","ast-page-background-enabled":"default","ast-page-background-meta":{"desktop":{"background-color":"","background-image":"","background-repeat":"repeat","background-position":"center center","background-size":"auto","background-attachment":"scroll","background-type":"","background-media":"","overlay-type":"","overlay-color":"","overlay-opacity":"","overlay-gradient":""},"tablet":{"background-color":"","background-image":"","background-repeat":"repeat","background-position":"center center","background-size":"auto","background-attachment":"scroll","background-type":"","background-media":"","overlay-type":"","overlay-color":"","overlay-opacity":"","overlay-gradient":""},"mobile":{"background-color":"","background-image":"","background-repeat":"repeat","background-position":"center center","background-size":"auto","background-attachment":"scroll","background-type":"","background-media":"","overlay-type":"","overlay-color":"","overlay-opacity":"","overlay-gradient":""}},"ast-content-background-meta":{"desktop":{"background-color":"var(--ast-global-color-5)","background-image":"","background-repeat":"repeat","background-position":"center center","background-size":"auto","background-attachment":"scroll","background-type":"","background-media":"","overlay-type":"","overlay-color":"","overlay-opacity":"","overlay-gradient":""},"tablet":{"background-color":"var(--ast-global-color-5)","background-image":"","background-repeat":"repeat","background-position":"center center","background-size":"auto","background-attachment":"scroll","background-type":"","background-media":"","overlay-type":"","overlay-color":"","overlay-opacity":"","overlay-gradient":""},"mobile":{"background-color":"var(--ast-global-color-5)","background-image":"","background-repeat":"repeat","background-position":"center center","background-size":"auto","background-attachment":"scroll","background-type":"","background-media":"","overlay-type":"","overlay-color":"","overlay-opacity":"","overlay-gradient":""}},"footnotes":""},"class_list":["post-13157","page","type-page","status-publish","hentry"],"_links":{"self":[{"href":"https:\/\/jurojin.es\/en\/wp-json\/wp\/v2\/pages\/13157","targetHints":{"allow":["GET"]}}],"collection":[{"href":"https:\/\/jurojin.es\/en\/wp-json\/wp\/v2\/pages"}],"about":[{"href":"https:\/\/jurojin.es\/en\/wp-json\/wp\/v2\/types\/page"}],"author":[{"embeddable":true,"href":"https:\/\/jurojin.es\/en\/wp-json\/wp\/v2\/users\/8"}],"replies":[{"embeddable":true,"href":"https:\/\/jurojin.es\/en\/wp-json\/wp\/v2\/comments?post=13157"}],"version-history":[{"count":25,"href":"https:\/\/jurojin.es\/en\/wp-json\/wp\/v2\/pages\/13157\/revisions"}],"predecessor-version":[{"id":13258,"href":"https:\/\/jurojin.es\/en\/wp-json\/wp\/v2\/pages\/13157\/revisions\/13258"}],"wp:attachment":[{"href":"https:\/\/jurojin.es\/en\/wp-json\/wp\/v2\/media?parent=13157"}],"curies":[{"name":"wp","href":"https:\/\/api.w.org\/{rel}","templated":true}]}}